{"id":10,"date":"2020-08-18T14:50:45","date_gmt":"2020-08-18T12:50:45","guid":{"rendered":"http:\/\/gaabe-naturebienetre.fr\/?page_id=10"},"modified":"2024-07-27T17:24:01","modified_gmt":"2024-07-27T15:24:01","slug":"particuliers","status":"publish","type":"page","link":"https:\/\/gaabe-naturebienetre.fr\/index.php\/particuliers\/","title":{"rendered":"Particuliers"},"content":{"rendered":"<div class=\"fusion-fullwidth fullwidth-box fusion-builder-row-1 fusion-flex-container nonhundred-percent-fullwidth non-hundred-percent-height-scrolling\" style=\"--awb-border-radius-top-left:0px;--awb-border-radius-top-right:0px;--awb-border-radius-bottom-right:0px;--awb-border-radius-bottom-left:0px;--awb-flex-wrap:wrap;\" ><div class=\"fusion-builder-row fusion-row fusion-flex-align-items-flex-start fusion-flex-content-wrap\" style=\"max-width:1248px;margin-left: calc(-4% \/ 2 );margin-right: calc(-4% \/ 2 );\"><div class=\"fusion-layout-column fusion_builder_column fusion-builder-column-0 fusion_builder_column_1_1 1_1 fusion-flex-column\" style=\"--awb-bg-size:cover;--awb-width-large:100%;--awb-margin-top-large:0px;--awb-spacing-right-large:1.92%;--awb-margin-bottom-large:20px;--awb-spacing-left-large:1.92%;--awb-width-medium:100%;--awb-order-medium:0;--awb-spacing-right-medium:1.92%;--awb-spacing-left-medium:1.92%;--awb-width-small:100%;--awb-order-small:0;--awb-spacing-right-small:1.92%;--awb-spacing-left-small:1.92%;\"><div class=\"fusion-column-wrapper fusion-column-has-shadow fusion-flex-justify-content-flex-start fusion-content-layout-column\"><div class=\"fusion-blog-shortcode fusion-blog-shortcode-1 fusion-blog-archive fusion-blog-layout-medium fusion-blog-pagination\"><div class=\"fusion-posts-container fusion-posts-container-pagination fusion-no-meta-info fusion-blog-rollover\" data-pages=\"1\"><article id=\"blog-1-post-89\" class=\"fusion-post-medium post-89 post type-post status-publish format-standard has-post-thumbnail hentry category-particulier\">\n\t<style type=\"text\/css\">\n\t\t\n\t\t\n\t\t\n\t\t\n\t\t\t<\/style>\n\n\n\t\t\t<div class=\"fusion-flexslider flexslider fusion-flexslider-loading fusion-post-slideshow\" style=\"\">\n\t\t<ul class=\"slides\">\n\t\t\t\n\t\t\t\t\t\t\t\t\t\t\t\t\t\t<li><div  class=\"fusion-image-wrapper fusion-image-size-fixed\" aria-haspopup=\"true\">\n\t\t\t\t<img width=\"320\" height=\"202\" src=\"https:\/\/gaabe-naturebienetre.fr\/wp-content\/uploads\/2024\/09\/Screenshot_20240903_093632-320x202.jpg\" class=\"attachment-blog-medium size-blog-medium wp-post-image\" alt=\"\" decoding=\"async\" srcset=\"https:\/\/gaabe-naturebienetre.fr\/wp-content\/uploads\/2024\/09\/Screenshot_20240903_093632-320x202.jpg 320w, https:\/\/gaabe-naturebienetre.fr\/wp-content\/uploads\/2024\/09\/Screenshot_20240903_093632-700x441.jpg 700w\" sizes=\"(max-width: 320px) 100vw, 320px\" \/><div class=\"fusion-rollover\">\n\t<div class=\"fusion-rollover-content\">\n\n\t\t\t\t\t\t\t\t\t\t\t\t\t\t<a class=\"fusion-rollover-link\" href=\"https:\/\/gaabe-naturebienetre.fr\/index.php\/2024\/10\/25\/massage\/\">Massage<\/a>\n\t\t\t\n\t\t\t\t\t\t\t\t\t\t\t\t\t\t\n\t\t\t\t\t\t\t\t\n\t\t\t\t\t\t\t\t\t\t\t\t\t<div class=\"fusion-rollover-sep\"><\/div>\n\t\t\t\t\n\t\t\t\t\t\t\t\t\t\t\t\t\t\t\t\t\t\t<a class=\"fusion-rollover-gallery\" href=\"https:\/\/gaabe-naturebienetre.fr\/wp-content\/uploads\/2024\/09\/Screenshot_20240903_093632.jpg\" data-id=\"89\" data-rel=\"iLightbox[gallery]\" data-title=\"C\u00e9line BA Massage\" data-caption=\"\">\n\t\t\t\t\t\tGalerie\t\t\t\t\t<\/a>\n\t\t\t\t\t\t\t\t\t\t\t\t\t\t\n\t\t\n\t\t\t\t\t\t\t\t\t\t\t\t<h4 class=\"fusion-rollover-title\">\n\t\t\t\t\t<a class=\"fusion-rollover-title-link\" href=\"https:\/\/gaabe-naturebienetre.fr\/index.php\/2024\/10\/25\/massage\/\">\n\t\t\t\t\t\tMassage\t\t\t\t\t<\/a>\n\t\t\t\t<\/h4>\n\t\t\t\n\t\t\t\t\t\t\t\t\t\t<div class=\"fusion-rollover-categories\"><a href=\"https:\/\/gaabe-naturebienetre.fr\/index.php\/category\/particulier\/\" rel=\"tag\">Particulier<\/a><\/div>\t\t\t\t\t\n\t\t\n\t\t\t\t\t\t<a class=\"fusion-link-wrapper\" href=\"https:\/\/gaabe-naturebienetre.fr\/index.php\/2024\/10\/25\/massage\/\" aria-label=\"Massage\"><\/a>\n\t<\/div>\n<\/div>\n<\/div>\n<\/li>\n\t\t\t\n\t\t\t\n\t\t\t\t\t\t\t\t\t\t\t\t\t\t\t\t\t\t\t\t\t\t\t\t\t\t\t\t\t\t\t\t\t\t\t\t\t\t\t\t\t\t\t\t\t\t\t\t\t\t\t\t\t\t\t\t\t\t\t\t\t\t\t\t\t\t\t\t<\/ul>\n\t<\/div>\n\t<div class=\"fusion-post-content post-content\"><h2 class=\"blog-shortcode-post-title entry-title\"><a href=\"https:\/\/gaabe-naturebienetre.fr\/index.php\/2024\/10\/25\/massage\/\">Massage<\/a><\/h2><div class=\"fusion-post-content-container\"><p> Les massages sont r\u00e9serv\u00e9s aux femmes. * Massage intuitif Ce massage est con\u00e7u pour r\u00e9pondre \u00e0 vos besoins et vous offrir une exp\u00e9rience de bien-\u00eatre sur-mesure. Choix de la force du toucher : [...]<\/p><\/div><\/div><div class=\"fusion-clearfix\"><\/div><\/article>\n<article id=\"blog-1-post-77\" class=\"fusion-post-medium post-77 post type-post status-publish format-standard has-post-thumbnail hentry category-particulier\">\n\t<style type=\"text\/css\">\n\t\t\n\t\t\n\t\t\n\t\t\n\t\t\t<\/style>\n\n\n\t\t\t<div class=\"fusion-flexslider flexslider fusion-flexslider-loading fusion-post-slideshow\" style=\"\">\n\t\t<ul class=\"slides\">\n\t\t\t\n\t\t\t\t\t\t\t\t\t\t\t\t\t\t<li><div  class=\"fusion-image-wrapper fusion-image-size-fixed\" aria-haspopup=\"true\">\n\t\t\t\t<img width=\"320\" height=\"202\" src=\"https:\/\/gaabe-naturebienetre.fr\/wp-content\/uploads\/2021\/03\/Bonheur-320x202.jpg\" class=\"attachment-blog-medium size-blog-medium wp-post-image\" alt=\"\" decoding=\"async\" srcset=\"https:\/\/gaabe-naturebienetre.fr\/wp-content\/uploads\/2021\/03\/Bonheur-320x202.jpg 320w, https:\/\/gaabe-naturebienetre.fr\/wp-content\/uploads\/2021\/03\/Bonheur-700x441.jpg 700w\" sizes=\"(max-width: 320px) 100vw, 320px\" \/><div class=\"fusion-rollover\">\n\t<div class=\"fusion-rollover-content\">\n\n\t\t\t\t\t\t\t\t\t\t\t\t\t\t<a class=\"fusion-rollover-link\" href=\"https:\/\/gaabe-naturebienetre.fr\/index.php\/2024\/08\/14\/liberation-emotionnelle\/\">Lib\u00e9ration \u00e9motionnelle<\/a>\n\t\t\t\n\t\t\t\t\t\t\t\t\t\t\t\t\t\t\n\t\t\t\t\t\t\t\t\n\t\t\t\t\t\t\t\t\t\t\t\t\t<div class=\"fusion-rollover-sep\"><\/div>\n\t\t\t\t\n\t\t\t\t\t\t\t\t\t\t\t\t\t\t\t\t\t\t<a class=\"fusion-rollover-gallery\" href=\"https:\/\/gaabe-naturebienetre.fr\/wp-content\/uploads\/2021\/03\/Bonheur.jpg\" data-id=\"77\" data-rel=\"iLightbox[gallery]\" data-title=\"Bonheur\" data-caption=\"\">\n\t\t\t\t\t\tGalerie\t\t\t\t\t<\/a>\n\t\t\t\t\t\t\t\t\t\t\t\t\t\t\n\t\t\n\t\t\t\t\t\t\t\t\t\t\t\t<h4 class=\"fusion-rollover-title\">\n\t\t\t\t\t<a class=\"fusion-rollover-title-link\" href=\"https:\/\/gaabe-naturebienetre.fr\/index.php\/2024\/08\/14\/liberation-emotionnelle\/\">\n\t\t\t\t\t\tLib\u00e9ration \u00e9motionnelle\t\t\t\t\t<\/a>\n\t\t\t\t<\/h4>\n\t\t\t\n\t\t\t\t\t\t\t\t\t\t<div class=\"fusion-rollover-categories\"><a href=\"https:\/\/gaabe-naturebienetre.fr\/index.php\/category\/particulier\/\" rel=\"tag\">Particulier<\/a><\/div>\t\t\t\t\t\n\t\t\n\t\t\t\t\t\t<a class=\"fusion-link-wrapper\" href=\"https:\/\/gaabe-naturebienetre.fr\/index.php\/2024\/08\/14\/liberation-emotionnelle\/\" aria-label=\"Lib\u00e9ration \u00e9motionnelle\"><\/a>\n\t<\/div>\n<\/div>\n<\/div>\n<\/li>\n\t\t\t\n\t\t\t\n\t\t\t\t\t\t\t\t\t\t\t\t\t\t\t\t\t\t\t\t\t\t\t\t\t\t\t\t\t\t\t\t\t\t\t\t\t\t\t\t\t\t\t\t\t\t\t\t\t\t\t\t\t\t\t\t\t\t\t\t\t\t\t\t\t\t\t\t<\/ul>\n\t<\/div>\n\t<div class=\"fusion-post-content post-content\"><h2 class=\"blog-shortcode-post-title entry-title\"><a href=\"https:\/\/gaabe-naturebienetre.fr\/index.php\/2024\/08\/14\/liberation-emotionnelle\/\">Lib\u00e9ration \u00e9motionnelle<\/a><\/h2><div class=\"fusion-post-content-container\"><p> Lib\u00e9ration \u00e9motionnelle : transformez votre vie ! La lib\u00e9ration \u00e9motionnelle est un soin \u00e9nerg\u00e9tique sp\u00e9cialement con\u00e7u pour ceux qui ressentent un blocage r\u00e9current dans leur vie, une probl\u00e9matique qui semble sans fin. Ce [...]<\/p><\/div><\/div><div class=\"fusion-clearfix\"><\/div><\/article>\n<article id=\"blog-1-post-83\" class=\"fusion-post-medium post-83 post type-post status-publish format-standard has-post-thumbnail hentry category-particulier\">\n\t<style type=\"text\/css\">\n\t\t\n\t\t\n\t\t\n\t\t\n\t\t\t<\/style>\n\n\n\t\t\t<div class=\"fusion-flexslider flexslider fusion-flexslider-loading fusion-post-slideshow\" style=\"\">\n\t\t<ul class=\"slides\">\n\t\t\t\n\t\t\t\t\t\t\t\t\t\t\t\t\t\t<li><div  class=\"fusion-image-wrapper fusion-image-size-fixed\" aria-haspopup=\"true\">\n\t\t\t\t<img width=\"320\" height=\"202\" src=\"https:\/\/gaabe-naturebienetre.fr\/wp-content\/uploads\/2023\/06\/Soin-sacre-320x202.jpg\" class=\"attachment-blog-medium size-blog-medium wp-post-image\" alt=\"\" decoding=\"async\" srcset=\"https:\/\/gaabe-naturebienetre.fr\/wp-content\/uploads\/2023\/06\/Soin-sacre-320x202.jpg 320w, https:\/\/gaabe-naturebienetre.fr\/wp-content\/uploads\/2023\/06\/Soin-sacre-700x441.jpg 700w\" sizes=\"(max-width: 320px) 100vw, 320px\" \/><div class=\"fusion-rollover\">\n\t<div class=\"fusion-rollover-content\">\n\n\t\t\t\t\t\t\t\t\t\t\t\t\t\t<a class=\"fusion-rollover-link\" href=\"https:\/\/gaabe-naturebienetre.fr\/index.php\/2023\/06\/25\/soin-sacre-ancien\/\">Soin sacr\u00e9 ancien<\/a>\n\t\t\t\n\t\t\t\t\t\t\t\t\t\t\t\t\t\t\n\t\t\t\t\t\t\t\t\n\t\t\t\t\t\t\t\t\t\t\t\t\t<div class=\"fusion-rollover-sep\"><\/div>\n\t\t\t\t\n\t\t\t\t\t\t\t\t\t\t\t\t\t\t\t\t\t\t<a class=\"fusion-rollover-gallery\" href=\"https:\/\/gaabe-naturebienetre.fr\/wp-content\/uploads\/2023\/06\/Soin-sacre-scaled.jpg\" data-id=\"83\" data-rel=\"iLightbox[gallery]\" data-title=\"C\u00e9line BA Soin sacr\u00e9\" data-caption=\"\">\n\t\t\t\t\t\tGalerie\t\t\t\t\t<\/a>\n\t\t\t\t\t\t\t\t\t\t\t\t\t\t\n\t\t\n\t\t\t\t\t\t\t\t\t\t\t\t<h4 class=\"fusion-rollover-title\">\n\t\t\t\t\t<a class=\"fusion-rollover-title-link\" href=\"https:\/\/gaabe-naturebienetre.fr\/index.php\/2023\/06\/25\/soin-sacre-ancien\/\">\n\t\t\t\t\t\tSoin sacr\u00e9 ancien\t\t\t\t\t<\/a>\n\t\t\t\t<\/h4>\n\t\t\t\n\t\t\t\t\t\t\t\t\t\t<div class=\"fusion-rollover-categories\"><a href=\"https:\/\/gaabe-naturebienetre.fr\/index.php\/category\/particulier\/\" rel=\"tag\">Particulier<\/a><\/div>\t\t\t\t\t\n\t\t\n\t\t\t\t\t\t<a class=\"fusion-link-wrapper\" href=\"https:\/\/gaabe-naturebienetre.fr\/index.php\/2023\/06\/25\/soin-sacre-ancien\/\" aria-label=\"Soin sacr\u00e9 ancien\"><\/a>\n\t<\/div>\n<\/div>\n<\/div>\n<\/li>\n\t\t\t\n\t\t\t\n\t\t\t\t\t\t\t\t\t\t\t\t\t\t\t\t\t\t\t\t\t\t\t\t\t\t\t\t\t\t\t\t\t\t\t\t\t\t\t\t\t\t\t\t\t\t\t\t\t\t\t\t\t\t\t\t\t\t\t\t\t\t\t\t\t\t\t\t<\/ul>\n\t<\/div>\n\t<div class=\"fusion-post-content post-content\"><h2 class=\"blog-shortcode-post-title entry-title\"><a href=\"https:\/\/gaabe-naturebienetre.fr\/index.php\/2023\/06\/25\/soin-sacre-ancien\/\">Soin sacr\u00e9 ancien<\/a><\/h2><div class=\"fusion-post-content-container\"><p> Pour qui ? Les soins sacr\u00e9s anciens s'adressent \u00e0 tous : enfants, adultes, personnes \u00e2g\u00e9es, hommes, femmes... D\u00e9roul\u00e9 de la s\u00e9ance : Une s\u00e9ance dure environ une heure et quart. En d\u00e9but de [...]<\/p><\/div><\/div><div class=\"fusion-clearfix\"><\/div><\/article>\n<article id=\"blog-1-post-103\" class=\"fusion-post-medium post-103 post type-post status-publish format-standard has-post-thumbnail hentry category-particulier\">\n\t<style type=\"text\/css\">\n\t\t\n\t\t\n\t\t\n\t\t\n\t\t\t<\/style>\n\n\n\t\t\t<div class=\"fusion-flexslider flexslider fusion-flexslider-loading fusion-post-slideshow\" style=\"\">\n\t\t<ul class=\"slides\">\n\t\t\t\n\t\t\t\t\t\t\t\t\t\t\t\t\t\t<li><div  class=\"fusion-image-wrapper fusion-image-size-fixed\" aria-haspopup=\"true\">\n\t\t\t\t<img width=\"320\" height=\"202\" src=\"https:\/\/gaabe-naturebienetre.fr\/wp-content\/uploads\/2020\/09\/floral-medicine-1738214_1280-320x202.jpg\" class=\"attachment-blog-medium size-blog-medium wp-post-image\" alt=\"\" decoding=\"async\" srcset=\"https:\/\/gaabe-naturebienetre.fr\/wp-content\/uploads\/2020\/09\/floral-medicine-1738214_1280-320x202.jpg 320w, https:\/\/gaabe-naturebienetre.fr\/wp-content\/uploads\/2020\/09\/floral-medicine-1738214_1280-700x441.jpg 700w\" sizes=\"(max-width: 320px) 100vw, 320px\" \/><div class=\"fusion-rollover\">\n\t<div class=\"fusion-rollover-content\">\n\n\t\t\t\t\t\t\t\t\t\t\t\t\t\t<a class=\"fusion-rollover-link\" href=\"https:\/\/gaabe-naturebienetre.fr\/index.php\/2020\/09\/14\/consultation-en-naturopathie\/\">Consultation en naturopathie<\/a>\n\t\t\t\n\t\t\t\t\t\t\t\t\t\t\t\t\t\t\n\t\t\t\t\t\t\t\t\n\t\t\t\t\t\t\t\t\t\t\t\t\t<div class=\"fusion-rollover-sep\"><\/div>\n\t\t\t\t\n\t\t\t\t\t\t\t\t\t\t\t\t\t\t\t\t\t\t<a class=\"fusion-rollover-gallery\" href=\"https:\/\/gaabe-naturebienetre.fr\/wp-content\/uploads\/2020\/09\/floral-medicine-1738214_1280.jpg\" data-id=\"103\" data-rel=\"iLightbox[gallery]\" data-title=\"floral-medicine-1738214_1280\" data-caption=\"\">\n\t\t\t\t\t\tGalerie\t\t\t\t\t<\/a>\n\t\t\t\t\t\t\t\t\t\t\t\t\t\t\n\t\t\n\t\t\t\t\t\t\t\t\t\t\t\t<h4 class=\"fusion-rollover-title\">\n\t\t\t\t\t<a class=\"fusion-rollover-title-link\" href=\"https:\/\/gaabe-naturebienetre.fr\/index.php\/2020\/09\/14\/consultation-en-naturopathie\/\">\n\t\t\t\t\t\tConsultation en naturopathie\t\t\t\t\t<\/a>\n\t\t\t\t<\/h4>\n\t\t\t\n\t\t\t\t\t\t\t\t\t\t<div class=\"fusion-rollover-categories\"><a href=\"https:\/\/gaabe-naturebienetre.fr\/index.php\/category\/particulier\/\" rel=\"tag\">Particulier<\/a><\/div>\t\t\t\t\t\n\t\t\n\t\t\t\t\t\t<a class=\"fusion-link-wrapper\" href=\"https:\/\/gaabe-naturebienetre.fr\/index.php\/2020\/09\/14\/consultation-en-naturopathie\/\" aria-label=\"Consultation en naturopathie\"><\/a>\n\t<\/div>\n<\/div>\n<\/div>\n<\/li>\n\t\t\t\n\t\t\t\n\t\t\t\t\t\t\t\t\t\t\t\t\t\t\t\t\t\t\t\t\t\t\t\t\t\t\t\t\t\t\t\t\t\t\t\t\t\t\t\t\t\t\t\t\t\t\t\t\t\t\t\t\t\t\t\t\t\t\t\t\t\t\t\t\t\t\t\t<\/ul>\n\t<\/div>\n\t<div class=\"fusion-post-content post-content\"><h2 class=\"blog-shortcode-post-title entry-title\"><a href=\"https:\/\/gaabe-naturebienetre.fr\/index.php\/2020\/09\/14\/consultation-en-naturopathie\/\">Consultation en naturopathie<\/a><\/h2><div class=\"fusion-post-content-container\"><p> M\u00e9decine douce datant de l\u2019antiquit\u00e9, la naturopathie est une discipline holistique qui prend en consid\u00e9ration tous les aspects de la personne et cherche \u00e0 agir, non pas sur le sympt\u00f4me mais sur la [...]<\/p><\/div><\/div><div class=\"fusion-clearfix\"><\/div><\/article>\n<article id=\"blog-1-post-98\" class=\"fusion-post-medium post-98 post type-post status-publish format-standard has-post-thumbnail hentry category-particulier\">\n\t<style type=\"text\/css\">\n\t\t\n\t\t\n\t\t\n\t\t\n\t\t\t<\/style>\n\n\n\t\t\t<div class=\"fusion-flexslider flexslider fusion-flexslider-loading fusion-post-slideshow\" style=\"\">\n\t\t<ul class=\"slides\">\n\t\t\t\n\t\t\t\t\t\t\t\t\t\t\t\t\t\t<li><div  class=\"fusion-image-wrapper fusion-image-size-fixed\" aria-haspopup=\"true\">\n\t\t\t\t<img width=\"320\" height=\"202\" src=\"https:\/\/gaabe-naturebienetre.fr\/wp-content\/uploads\/2020\/09\/Reflexologie-plantaire-pied-profil-et-bracelet-320x202.jpg\" class=\"attachment-blog-medium size-blog-medium wp-post-image\" alt=\"\" decoding=\"async\" srcset=\"https:\/\/gaabe-naturebienetre.fr\/wp-content\/uploads\/2020\/09\/Reflexologie-plantaire-pied-profil-et-bracelet-320x202.jpg 320w, https:\/\/gaabe-naturebienetre.fr\/wp-content\/uploads\/2020\/09\/Reflexologie-plantaire-pied-profil-et-bracelet-700x441.jpg 700w\" sizes=\"(max-width: 320px) 100vw, 320px\" \/><div class=\"fusion-rollover\">\n\t<div class=\"fusion-rollover-content\">\n\n\t\t\t\t\t\t\t\t\t\t\t\t\t\t<a class=\"fusion-rollover-link\" href=\"https:\/\/gaabe-naturebienetre.fr\/index.php\/2020\/09\/14\/reflexologie-plantaire\/\">R\u00e9flexologie plantaire<\/a>\n\t\t\t\n\t\t\t\t\t\t\t\t\t\t\t\t\t\t\n\t\t\t\t\t\t\t\t\n\t\t\t\t\t\t\t\t\t\t\t\t\t<div class=\"fusion-rollover-sep\"><\/div>\n\t\t\t\t\n\t\t\t\t\t\t\t\t\t\t\t\t\t\t\t\t\t\t<a class=\"fusion-rollover-gallery\" href=\"https:\/\/gaabe-naturebienetre.fr\/wp-content\/uploads\/2020\/09\/Reflexologie-plantaire-pied-profil-et-bracelet.jpg\" data-id=\"98\" data-rel=\"iLightbox[gallery]\" data-title=\"R\u00e9flexologie plantaire pied profil et bracelet\" data-caption=\"\">\n\t\t\t\t\t\tGalerie\t\t\t\t\t<\/a>\n\t\t\t\t\t\t\t\t\t\t\t\t\t\t\n\t\t\n\t\t\t\t\t\t\t\t\t\t\t\t<h4 class=\"fusion-rollover-title\">\n\t\t\t\t\t<a class=\"fusion-rollover-title-link\" href=\"https:\/\/gaabe-naturebienetre.fr\/index.php\/2020\/09\/14\/reflexologie-plantaire\/\">\n\t\t\t\t\t\tR\u00e9flexologie plantaire\t\t\t\t\t<\/a>\n\t\t\t\t<\/h4>\n\t\t\t\n\t\t\t\t\t\t\t\t\t\t<div class=\"fusion-rollover-categories\"><a href=\"https:\/\/gaabe-naturebienetre.fr\/index.php\/category\/particulier\/\" rel=\"tag\">Particulier<\/a><\/div>\t\t\t\t\t\n\t\t\n\t\t\t\t\t\t<a class=\"fusion-link-wrapper\" href=\"https:\/\/gaabe-naturebienetre.fr\/index.php\/2020\/09\/14\/reflexologie-plantaire\/\" aria-label=\"R\u00e9flexologie plantaire\"><\/a>\n\t<\/div>\n<\/div>\n<\/div>\n<\/li>\n\t\t\t\n\t\t\t\n\t\t\t\t\t\t\t\t\t\t\t\t\t\t\t\t\t\t\t\t\t\t\t\t\t\t\t\t\t\t\t\t\t\t\t\t\t\t\t\t\t\t\t\t\t\t\t\t\t\t\t\t\t\t\t\t\t\t\t\t\t\t\t\t\t\t\t\t<\/ul>\n\t<\/div>\n\t<div class=\"fusion-post-content post-content\"><h2 class=\"blog-shortcode-post-title entry-title\"><a href=\"https:\/\/gaabe-naturebienetre.fr\/index.php\/2020\/09\/14\/reflexologie-plantaire\/\">R\u00e9flexologie plantaire<\/a><\/h2><div class=\"fusion-post-content-container\"><p>Art mill\u00e9naire initialement pratiqu\u00e9 en Chine, la r\u00e9flexologie est une technique naturelle qui procure relaxation et bien-\u00eatre. Le toucher r\u00e9flexologique permet la transmission d\u2019impulsions aux zones r\u00e9flexes et la lib\u00e9ration d\u2019endorphines dont les premiers [...]<\/p><\/div><\/div><div class=\"fusion-clearfix\"><\/div><\/article>\n<article id=\"blog-1-post-94\" class=\"fusion-post-medium post-94 post type-post status-publish format-standard has-post-thumbnail hentry category-particulier\">\n\t<style type=\"text\/css\">\n\t\t\n\t\t\n\t\t\n\t\t\n\t\t\t<\/style>\n\n\n\t\t\t<div class=\"fusion-flexslider flexslider fusion-flexslider-loading fusion-post-slideshow\" style=\"\">\n\t\t<ul class=\"slides\">\n\t\t\t\n\t\t\t\t\t\t\t\t\t\t\t\t\t\t<li><div  class=\"fusion-image-wrapper fusion-image-size-fixed\" aria-haspopup=\"true\">\n\t\t\t\t<img width=\"320\" height=\"202\" src=\"https:\/\/gaabe-naturebienetre.fr\/wp-content\/uploads\/2021\/03\/Bonheur-320x202.jpg\" class=\"attachment-blog-medium size-blog-medium wp-post-image\" alt=\"\" decoding=\"async\" srcset=\"https:\/\/gaabe-naturebienetre.fr\/wp-content\/uploads\/2021\/03\/Bonheur-320x202.jpg 320w, https:\/\/gaabe-naturebienetre.fr\/wp-content\/uploads\/2021\/03\/Bonheur-700x441.jpg 700w\" sizes=\"(max-width: 320px) 100vw, 320px\" \/><div class=\"fusion-rollover\">\n\t<div class=\"fusion-rollover-content\">\n\n\t\t\t\t\t\t\t\t\t\t\t\t\t\t<a class=\"fusion-rollover-link\" href=\"https:\/\/gaabe-naturebienetre.fr\/index.php\/2019\/09\/07\/tarifs-et-formules\/\">Tarifs et formules<\/a>\n\t\t\t\n\t\t\t\t\t\t\t\t\t\t\t\t\t\t\n\t\t\t\t\t\t\t\t\n\t\t\t\t\t\t\t\t\t\t\t\t\t<div class=\"fusion-rollover-sep\"><\/div>\n\t\t\t\t\n\t\t\t\t\t\t\t\t\t\t\t\t\t\t\t\t\t\t<a class=\"fusion-rollover-gallery\" href=\"https:\/\/gaabe-naturebienetre.fr\/wp-content\/uploads\/2021\/03\/Bonheur.jpg\" data-id=\"94\" data-rel=\"iLightbox[gallery]\" data-title=\"Bonheur\" data-caption=\"\">\n\t\t\t\t\t\tGalerie\t\t\t\t\t<\/a>\n\t\t\t\t\t\t\t\t\t\t\t\t\t\t\n\t\t\n\t\t\t\t\t\t\t\t\t\t\t\t<h4 class=\"fusion-rollover-title\">\n\t\t\t\t\t<a class=\"fusion-rollover-title-link\" href=\"https:\/\/gaabe-naturebienetre.fr\/index.php\/2019\/09\/07\/tarifs-et-formules\/\">\n\t\t\t\t\t\tTarifs et formules\t\t\t\t\t<\/a>\n\t\t\t\t<\/h4>\n\t\t\t\n\t\t\t\t\t\t\t\t\t\t<div class=\"fusion-rollover-categories\"><a href=\"https:\/\/gaabe-naturebienetre.fr\/index.php\/category\/particulier\/\" rel=\"tag\">Particulier<\/a><\/div>\t\t\t\t\t\n\t\t\n\t\t\t\t\t\t<a class=\"fusion-link-wrapper\" href=\"https:\/\/gaabe-naturebienetre.fr\/index.php\/2019\/09\/07\/tarifs-et-formules\/\" aria-label=\"Tarifs et formules\"><\/a>\n\t<\/div>\n<\/div>\n<\/div>\n<\/li>\n\t\t\t\n\t\t\t\n\t\t\t\t\t\t\t\t\t\t\t\t\t\t\t\t\t\t\t\t\t\t\t\t\t\t\t\t\t\t\t\t\t\t\t\t\t\t\t\t\t\t\t\t\t\t\t\t\t\t\t\t\t\t\t\t\t\t\t\t\t\t\t\t\t\t\t\t<\/ul>\n\t<\/div>\n\t<div class=\"fusion-post-content post-content\"><h2 class=\"blog-shortcode-post-title entry-title\"><a href=\"https:\/\/gaabe-naturebienetre.fr\/index.php\/2019\/09\/07\/tarifs-et-formules\/\">Tarifs et formules<\/a><\/h2><div class=\"fusion-post-content-container\"><p> Offrez un moment de douceur gr\u00e2ce \u00e0 nos cartes cadeaux, disponibles au cabinet ou en version d\u00e9mat\u00e9rialis\u00e9e, pr\u00eates \u00e0 \u00eatre partag\u00e9es avec ceux que vous aimez. Pour en b\u00e9n\u00e9ficier, il vous suffit de [...]<\/p><\/div><\/div><div class=\"fusion-clearfix\"><\/div><\/article>\n<\/div><\/div><\/div><\/div><\/div><\/div>\n","protected":false},"excerpt":{"rendered":"","protected":false},"author":1,"featured_media":0,"parent":0,"menu_order":0,"comment_status":"closed","ping_status":"closed","template":"","meta":{"content-type":""},"yoast_head":"<!-- This site is optimized with the Yoast SEO plugin v14.8 - https:\/\/yoast.com\/wordpress\/plugins\/seo\/ -->\n<title>Particuliers - Gaabe<\/title>\n<meta name=\"description\" content=\"Je vous accompagne pour vous lib\u00e9rer au niveau \u00e9motionnel et transg\u00e9n\u00e9rationnel pour vous permettre de rayonner pleinement #soinenegetique\" \/>\n<meta name=\"robots\" content=\"index, follow\" \/>\n<meta name=\"googlebot\" content=\"index, follow, max-snippet:-1, max-image-preview:large, max-video-preview:-1\" \/>\n<meta name=\"bingbot\" content=\"index, follow, max-snippet:-1, max-image-preview:large, max-video-preview:-1\" \/>\n<link rel=\"canonical\" href=\"http:\/\/gaabe-naturebienetre.fr\/index.php\/particuliers\/\" \/>\n<meta property=\"og:locale\" content=\"fr_FR\" \/>\n<meta property=\"og:type\" content=\"article\" \/>\n<meta property=\"og:title\" content=\"Particuliers - Gaabe\" \/>\n<meta property=\"og:description\" content=\"Je vous accompagne pour vous lib\u00e9rer au niveau \u00e9motionnel et transg\u00e9n\u00e9rationnel pour vous permettre de rayonner pleinement #soinenegetique\" \/>\n<meta property=\"og:url\" content=\"http:\/\/gaabe-naturebienetre.fr\/index.php\/particuliers\/\" \/>\n<meta property=\"og:site_name\" content=\"Gaabe\" \/>\n<meta property=\"article:modified_time\" content=\"2024-07-27T15:24:01+00:00\" \/>\n<meta name=\"twitter:card\" content=\"summary_large_image\" \/>\n<script type=\"application\/ld+json\" class=\"yoast-schema-graph\">{\"@context\":\"https:\/\/schema.org\",\"@graph\":[{\"@type\":\"WebSite\",\"@id\":\"https:\/\/gaabe-naturebienetre.fr\/#website\",\"url\":\"https:\/\/gaabe-naturebienetre.fr\/\",\"name\":\"Gaabe\",\"description\":\"Vivre en harmonie avec la nature, c&#039;est \\u00eatre \\u00e0 l&#039;\\u00e9coute de son corps et de son \\u00e2me\",\"potentialAction\":[{\"@type\":\"SearchAction\",\"target\":\"https:\/\/gaabe-naturebienetre.fr\/?s={search_term_string}\",\"query-input\":\"required name=search_term_string\"}],\"inLanguage\":\"fr-FR\"},{\"@type\":\"WebPage\",\"@id\":\"http:\/\/gaabe-naturebienetre.fr\/index.php\/particuliers\/#webpage\",\"url\":\"http:\/\/gaabe-naturebienetre.fr\/index.php\/particuliers\/\",\"name\":\"Particuliers - Gaabe\",\"isPartOf\":{\"@id\":\"https:\/\/gaabe-naturebienetre.fr\/#website\"},\"datePublished\":\"2020-08-18T12:50:45+00:00\",\"dateModified\":\"2024-07-27T15:24:01+00:00\",\"description\":\"Je vous accompagne pour vous lib\\u00e9rer au niveau \\u00e9motionnel et transg\\u00e9n\\u00e9rationnel pour vous permettre de rayonner pleinement #soinenegetique\",\"inLanguage\":\"fr-FR\",\"potentialAction\":[{\"@type\":\"ReadAction\",\"target\":[\"http:\/\/gaabe-naturebienetre.fr\/index.php\/particuliers\/\"]}]}]}<\/script>\n<!-- \/ Yoast SEO plugin. -->","_links":{"self":[{"href":"https:\/\/gaabe-naturebienetre.fr\/index.php\/wp-json\/wp\/v2\/pages\/10"}],"collection":[{"href":"https:\/\/gaabe-naturebienetre.fr\/index.php\/wp-json\/wp\/v2\/pages"}],"about":[{"href":"https:\/\/gaabe-naturebienetre.fr\/index.php\/wp-json\/wp\/v2\/types\/page"}],"author":[{"embeddable":true,"href":"https:\/\/gaabe-naturebienetre.fr\/index.php\/wp-json\/wp\/v2\/users\/1"}],"replies":[{"embeddable":true,"href":"https:\/\/gaabe-naturebienetre.fr\/index.php\/wp-json\/wp\/v2\/comments?post=10"}],"version-history":[{"count":4,"href":"https:\/\/gaabe-naturebienetre.fr\/index.php\/wp-json\/wp\/v2\/pages\/10\/revisions"}],"predecessor-version":[{"id":598,"href":"https:\/\/gaabe-naturebienetre.fr\/index.php\/wp-json\/wp\/v2\/pages\/10\/revisions\/598"}],"wp:attachment":[{"href":"https:\/\/gaabe-naturebienetre.fr\/index.php\/wp-json\/wp\/v2\/media?parent=10"}],"curies":[{"name":"wp","href":"https:\/\/api.w.org\/{rel}","templated":true}]}}