{"id":127,"date":"2020-09-29T13:47:32","date_gmt":"2020-09-29T11:47:32","guid":{"rendered":"http:\/\/gaabe-naturebienetre.fr\/?page_id=127"},"modified":"2025-05-10T19:42:31","modified_gmt":"2025-05-10T17:42:31","slug":"agenda","status":"publish","type":"page","link":"https:\/\/gaabe-naturebienetre.fr\/index.php\/agenda\/","title":{"rendered":"Agenda"},"content":{"rendered":"<p><div class=\"fusion-fullwidth fullwidth-box fusion-builder-row-1 fusion-flex-container has-pattern-background has-mask-background nonhundred-percent-fullwidth non-hundred-percent-height-scrolling\" style=\"--awb-border-radius-top-left:0px;--awb-border-radius-top-right:0px;--awb-border-radius-bottom-right:0px;--awb-border-radius-bottom-left:0px;--awb-flex-wrap:wrap;\" ><div class=\"fusion-builder-row fusion-row fusion-flex-align-items-flex-start fusion-flex-content-wrap\" style=\"max-width:1248px;margin-left: calc(-4% \/ 2 );margin-right: calc(-4% \/ 2 );\"><div class=\"fusion-layout-column fusion_builder_column fusion-builder-column-0 fusion_builder_column_1_4 1_4 fusion-flex-column\" style=\"--awb-bg-size:cover;--awb-width-large:25%;--awb-margin-top-large:0px;--awb-spacing-right-large:7.68%;--awb-margin-bottom-large:20px;--awb-spacing-left-large:7.68%;--awb-width-medium:25%;--awb-order-medium:0;--awb-spacing-right-medium:7.68%;--awb-spacing-left-medium:7.68%;--awb-width-small:100%;--awb-order-small:0;--awb-spacing-right-small:1.92%;--awb-spacing-left-small:1.92%;\"><div class=\"fusion-column-wrapper fusion-column-has-shadow fusion-flex-justify-content-flex-start fusion-content-layout-column\"><\/div><\/div><div class=\"fusion-layout-column fusion_builder_column fusion-builder-column-1 fusion_builder_column_1_4 1_4 fusion-flex-column\" style=\"--awb-bg-size:cover;--awb-width-large:25%;--awb-margin-top-large:0px;--awb-spacing-right-large:7.68%;--awb-margin-bottom-large:20px;--awb-spacing-left-large:7.68%;--awb-width-medium:25%;--awb-order-medium:0;--awb-spacing-right-medium:7.68%;--awb-spacing-left-medium:7.68%;--awb-width-small:100%;--awb-order-small:0;--awb-spacing-right-small:1.92%;--awb-spacing-left-small:1.92%;\"><div class=\"fusion-column-wrapper fusion-column-has-shadow fusion-flex-justify-content-flex-start fusion-content-layout-column\"><\/div><\/div><div class=\"fusion-layout-column fusion_builder_column fusion-builder-column-2 fusion_builder_column_1_4 1_4 fusion-flex-column\" style=\"--awb-bg-size:cover;--awb-width-large:25%;--awb-margin-top-large:0px;--awb-spacing-right-large:7.68%;--awb-margin-bottom-large:20px;--awb-spacing-left-large:7.68%;--awb-width-medium:25%;--awb-order-medium:0;--awb-spacing-right-medium:7.68%;--awb-spacing-left-medium:7.68%;--awb-width-small:100%;--awb-order-small:0;--awb-spacing-right-small:1.92%;--awb-spacing-left-small:1.92%;\"><div class=\"fusion-column-wrapper fusion-column-has-shadow fusion-flex-justify-content-flex-start fusion-content-layout-column\"><\/div><\/div><div class=\"fusion-layout-column fusion_builder_column fusion-builder-column-3 fusion_builder_column_1_4 1_4 fusion-flex-column\" style=\"--awb-bg-size:cover;--awb-width-large:25%;--awb-margin-top-large:0px;--awb-spacing-right-large:7.68%;--awb-margin-bottom-large:20px;--awb-spacing-left-large:7.68%;--awb-width-medium:25%;--awb-order-medium:0;--awb-spacing-right-medium:7.68%;--awb-spacing-left-medium:7.68%;--awb-width-small:100%;--awb-order-small:0;--awb-spacing-right-small:1.92%;--awb-spacing-left-small:1.92%;\"><div class=\"fusion-column-wrapper fusion-column-has-shadow fusion-flex-justify-content-flex-start fusion-content-layout-column\"><\/div><\/div><\/div><\/div><div class=\"fusion-fullwidth fullwidth-box fusion-builder-row-2 fusion-flex-container has-pattern-background has-mask-background nonhundred-percent-fullwidth non-hundred-percent-height-scrolling\" style=\"--awb-border-radius-top-left:0px;--awb-border-radius-top-right:0px;--awb-border-radius-bottom-right:0px;--awb-border-radius-bottom-left:0px;--awb-flex-wrap:wrap;\" ><div class=\"fusion-builder-row fusion-row fusion-flex-align-items-flex-start fusion-flex-content-wrap\" style=\"max-width:1248px;margin-left: calc(-4% \/ 2 );margin-right: calc(-4% \/ 2 );\"><div class=\"fusion-layout-column fusion_builder_column fusion-builder-column-4 fusion_builder_column_1_4 1_4 fusion-flex-column\" style=\"--awb-bg-size:cover;--awb-width-large:25%;--awb-margin-top-large:0px;--awb-spacing-right-large:7.68%;--awb-margin-bottom-large:20px;--awb-spacing-left-large:7.68%;--awb-width-medium:25%;--awb-order-medium:0;--awb-spacing-right-medium:7.68%;--awb-spacing-left-medium:7.68%;--awb-width-small:100%;--awb-order-small:0;--awb-spacing-right-small:1.92%;--awb-spacing-left-small:1.92%;\"><div class=\"fusion-column-wrapper fusion-column-has-shadow fusion-flex-justify-content-flex-start fusion-content-layout-column\"><\/div><\/div><div class=\"fusion-layout-column fusion_builder_column fusion-builder-column-5 fusion_builder_column_1_4 1_4 fusion-flex-column\" style=\"--awb-bg-size:cover;--awb-width-large:25%;--awb-margin-top-large:0px;--awb-spacing-right-large:7.68%;--awb-margin-bottom-large:20px;--awb-spacing-left-large:7.68%;--awb-width-medium:25%;--awb-order-medium:0;--awb-spacing-right-medium:7.68%;--awb-spacing-left-medium:7.68%;--awb-width-small:100%;--awb-order-small:0;--awb-spacing-right-small:1.92%;--awb-spacing-left-small:1.92%;\"><div class=\"fusion-column-wrapper fusion-column-has-shadow fusion-flex-justify-content-flex-start fusion-content-layout-column\"><\/div><\/div><div class=\"fusion-layout-column fusion_builder_column fusion-builder-column-6 fusion_builder_column_1_4 1_4 fusion-flex-column\" style=\"--awb-bg-size:cover;--awb-width-large:25%;--awb-margin-top-large:0px;--awb-spacing-right-large:7.68%;--awb-margin-bottom-large:20px;--awb-spacing-left-large:7.68%;--awb-width-medium:25%;--awb-order-medium:0;--awb-spacing-right-medium:7.68%;--awb-spacing-left-medium:7.68%;--awb-width-small:100%;--awb-order-small:0;--awb-spacing-right-small:1.92%;--awb-spacing-left-small:1.92%;\"><div class=\"fusion-column-wrapper fusion-column-has-shadow fusion-flex-justify-content-flex-start fusion-content-layout-column\"><\/div><\/div><div class=\"fusion-layout-column fusion_builder_column fusion-builder-column-7 fusion_builder_column_1_4 1_4 fusion-flex-column\" style=\"--awb-bg-size:cover;--awb-width-large:25%;--awb-margin-top-large:0px;--awb-spacing-right-large:7.68%;--awb-margin-bottom-large:20px;--awb-spacing-left-large:7.68%;--awb-width-medium:25%;--awb-order-medium:0;--awb-spacing-right-medium:7.68%;--awb-spacing-left-medium:7.68%;--awb-width-small:100%;--awb-order-small:0;--awb-spacing-right-small:1.92%;--awb-spacing-left-small:1.92%;\"><div class=\"fusion-column-wrapper fusion-column-has-shadow fusion-flex-justify-content-flex-start fusion-content-layout-column\"><\/div><\/div><\/div><\/div><div class=\"fusion-fullwidth fullwidth-box fusion-builder-row-3 fusion-flex-container has-pattern-background has-mask-background nonhundred-percent-fullwidth non-hundred-percent-height-scrolling\" style=\"--awb-border-radius-top-left:0px;--awb-border-radius-top-right:0px;--awb-border-radius-bottom-right:0px;--awb-border-radius-bottom-left:0px;--awb-flex-wrap:wrap;\" ><div class=\"fusion-builder-row fusion-row fusion-flex-align-items-flex-start fusion-flex-content-wrap\" style=\"max-width:1248px;margin-left: calc(-4% \/ 2 );margin-right: calc(-4% \/ 2 );\"><div class=\"fusion-layout-column fusion_builder_column fusion-builder-column-8 fusion_builder_column_1_4 1_4 fusion-flex-column\" style=\"--awb-bg-size:cover;--awb-width-large:25%;--awb-margin-top-large:0px;--awb-spacing-right-large:7.68%;--awb-margin-bottom-large:20px;--awb-spacing-left-large:7.68%;--awb-width-medium:25%;--awb-order-medium:0;--awb-spacing-right-medium:7.68%;--awb-spacing-left-medium:7.68%;--awb-width-small:100%;--awb-order-small:0;--awb-spacing-right-small:1.92%;--awb-spacing-left-small:1.92%;\"><div class=\"fusion-column-wrapper fusion-column-has-shadow fusion-flex-justify-content-flex-start fusion-content-layout-column\"><\/div><\/div><div class=\"fusion-layout-column fusion_builder_column fusion-builder-column-9 fusion_builder_column_1_4 1_4 fusion-flex-column\" style=\"--awb-bg-size:cover;--awb-width-large:25%;--awb-margin-top-large:0px;--awb-spacing-right-large:7.68%;--awb-margin-bottom-large:20px;--awb-spacing-left-large:7.68%;--awb-width-medium:25%;--awb-order-medium:0;--awb-spacing-right-medium:7.68%;--awb-spacing-left-medium:7.68%;--awb-width-small:100%;--awb-order-small:0;--awb-spacing-right-small:1.92%;--awb-spacing-left-small:1.92%;\"><div class=\"fusion-column-wrapper fusion-column-has-shadow fusion-flex-justify-content-flex-start fusion-content-layout-column\"><\/div><\/div><div class=\"fusion-layout-column fusion_builder_column fusion-builder-column-10 fusion_builder_column_1_4 1_4 fusion-flex-column\" style=\"--awb-bg-size:cover;--awb-width-large:25%;--awb-margin-top-large:0px;--awb-spacing-right-large:7.68%;--awb-margin-bottom-large:20px;--awb-spacing-left-large:7.68%;--awb-width-medium:25%;--awb-order-medium:0;--awb-spacing-right-medium:7.68%;--awb-spacing-left-medium:7.68%;--awb-width-small:100%;--awb-order-small:0;--awb-spacing-right-small:1.92%;--awb-spacing-left-small:1.92%;\"><div class=\"fusion-column-wrapper fusion-column-has-shadow fusion-flex-justify-content-flex-start fusion-content-layout-column\"><div class=\"fusion-image-element \" style=\"--awb-caption-title-font-family:var(--h2_typography-font-family);--awb-caption-title-font-weight:var(--h2_typography-font-weight);--awb-caption-title-font-style:var(--h2_typography-font-style);--awb-caption-title-size:var(--h2_typography-font-size);--awb-caption-title-transform:var(--h2_typography-text-transform);--awb-caption-title-line-height:var(--h2_typography-line-height);--awb-caption-title-letter-spacing:var(--h2_typography-letter-spacing);\"><span class=\" fusion-imageframe imageframe-none imageframe-1 hover-type-none\"><img decoding=\"async\" width=\"300\" height=\"300\" title=\"2025-09-23 M\u00e9ditation au tambour &#8211; Message de l&rsquo;Univers &#8211; Septembre 2025\" src=\"http:\/\/gaabe-naturebienetre.fr\/wp-content\/uploads\/2025\/01\/2025-09-23-Meditation-au-tambour-Message-de-lUnivers-Septembre-2025-300x300.png\" alt class=\"img-responsive wp-image-739\" srcset=\"https:\/\/gaabe-naturebienetre.fr\/wp-content\/uploads\/2025\/01\/2025-09-23-Meditation-au-tambour-Message-de-lUnivers-Septembre-2025-200x200.png 200w, https:\/\/gaabe-naturebienetre.fr\/wp-content\/uploads\/2025\/01\/2025-09-23-Meditation-au-tambour-Message-de-lUnivers-Septembre-2025-400x400.png 400w, https:\/\/gaabe-naturebienetre.fr\/wp-content\/uploads\/2025\/01\/2025-09-23-Meditation-au-tambour-Message-de-lUnivers-Septembre-2025-600x600.png 600w, https:\/\/gaabe-naturebienetre.fr\/wp-content\/uploads\/2025\/01\/2025-09-23-Meditation-au-tambour-Message-de-lUnivers-Septembre-2025-800x800.png 800w, https:\/\/gaabe-naturebienetre.fr\/wp-content\/uploads\/2025\/01\/2025-09-23-Meditation-au-tambour-Message-de-lUnivers-Septembre-2025.png 1080w\" sizes=\"(max-width: 640px) 100vw, 400px\" \/><\/span><\/div><\/div><\/div><div class=\"fusion-layout-column fusion_builder_column fusion-builder-column-11 fusion_builder_column_1_4 1_4 fusion-flex-column\" style=\"--awb-bg-size:cover;--awb-width-large:25%;--awb-margin-top-large:0px;--awb-spacing-right-large:7.68%;--awb-margin-bottom-large:20px;--awb-spacing-left-large:7.68%;--awb-width-medium:25%;--awb-order-medium:0;--awb-spacing-right-medium:7.68%;--awb-spacing-left-medium:7.68%;--awb-width-small:100%;--awb-order-small:0;--awb-spacing-right-small:1.92%;--awb-spacing-left-small:1.92%;\"><div class=\"fusion-column-wrapper fusion-column-has-shadow fusion-flex-justify-content-flex-start fusion-content-layout-column\"><div class=\"fusion-image-element \" style=\"--awb-caption-title-font-family:var(--h2_typography-font-family);--awb-caption-title-font-weight:var(--h2_typography-font-weight);--awb-caption-title-font-style:var(--h2_typography-font-style);--awb-caption-title-size:var(--h2_typography-font-size);--awb-caption-title-transform:var(--h2_typography-text-transform);--awb-caption-title-line-height:var(--h2_typography-line-height);--awb-caption-title-letter-spacing:var(--h2_typography-letter-spacing);\"><span class=\" fusion-imageframe imageframe-none imageframe-2 hover-type-none\"><img decoding=\"async\" width=\"300\" height=\"300\" title=\"2025-10-21 M\u00e9ditation au tambour &#8211; Octobre 2025\" src=\"http:\/\/gaabe-naturebienetre.fr\/wp-content\/uploads\/2025\/01\/2025-10-21-Meditation-au-tambour-Octobre-2025-300x300.png\" alt class=\"img-responsive wp-image-738\" srcset=\"https:\/\/gaabe-naturebienetre.fr\/wp-content\/uploads\/2025\/01\/2025-10-21-Meditation-au-tambour-Octobre-2025-200x200.png 200w, https:\/\/gaabe-naturebienetre.fr\/wp-content\/uploads\/2025\/01\/2025-10-21-Meditation-au-tambour-Octobre-2025-400x400.png 400w, https:\/\/gaabe-naturebienetre.fr\/wp-content\/uploads\/2025\/01\/2025-10-21-Meditation-au-tambour-Octobre-2025-600x600.png 600w, https:\/\/gaabe-naturebienetre.fr\/wp-content\/uploads\/2025\/01\/2025-10-21-Meditation-au-tambour-Octobre-2025-800x800.png 800w, https:\/\/gaabe-naturebienetre.fr\/wp-content\/uploads\/2025\/01\/2025-10-21-Meditation-au-tambour-Octobre-2025.png 1080w\" sizes=\"(max-width: 640px) 100vw, 400px\" \/><\/span><\/div><\/div><\/div><\/div><\/div><div class=\"fusion-fullwidth fullwidth-box fusion-builder-row-4 fusion-flex-container has-pattern-background has-mask-background nonhundred-percent-fullwidth non-hundred-percent-height-scrolling\" style=\"--awb-border-radius-top-left:0px;--awb-border-radius-top-right:0px;--awb-border-radius-bottom-right:0px;--awb-border-radius-bottom-left:0px;--awb-flex-wrap:wrap;\" ><div class=\"fusion-builder-row fusion-row fusion-flex-align-items-flex-start fusion-flex-content-wrap\" style=\"max-width:1248px;margin-left: calc(-4% \/ 2 );margin-right: calc(-4% \/ 2 );\"><div class=\"fusion-layout-column fusion_builder_column fusion-builder-column-12 fusion_builder_column_1_4 1_4 fusion-flex-column\" style=\"--awb-bg-size:cover;--awb-width-large:25%;--awb-margin-top-large:0px;--awb-spacing-right-large:7.68%;--awb-margin-bottom-large:20px;--awb-spacing-left-large:7.68%;--awb-width-medium:25%;--awb-order-medium:0;--awb-spacing-right-medium:7.68%;--awb-spacing-left-medium:7.68%;--awb-width-small:100%;--awb-order-small:0;--awb-spacing-right-small:1.92%;--awb-spacing-left-small:1.92%;\"><div class=\"fusion-column-wrapper fusion-column-has-shadow fusion-flex-justify-content-flex-start fusion-content-layout-column\"><div class=\"fusion-image-element \" style=\"--awb-caption-title-font-family:var(--h2_typography-font-family);--awb-caption-title-font-weight:var(--h2_typography-font-weight);--awb-caption-title-font-style:var(--h2_typography-font-style);--awb-caption-title-size:var(--h2_typography-font-size);--awb-caption-title-transform:var(--h2_typography-text-transform);--awb-caption-title-line-height:var(--h2_typography-line-height);--awb-caption-title-letter-spacing:var(--h2_typography-letter-spacing);\"><span class=\" fusion-imageframe imageframe-none imageframe-3 hover-type-none\"><img decoding=\"async\" width=\"300\" height=\"300\" title=\"2025-11-18 M\u00e9ditation au tambour &#8211; Novembre 2025 &#8211; Message de lunivers\" src=\"http:\/\/gaabe-naturebienetre.fr\/wp-content\/uploads\/2025\/01\/2025-11-18-Meditation-au-tambour-Novembre-2025-Message-de-lunivers-300x300.png\" alt class=\"img-responsive wp-image-737\" srcset=\"https:\/\/gaabe-naturebienetre.fr\/wp-content\/uploads\/2025\/01\/2025-11-18-Meditation-au-tambour-Novembre-2025-Message-de-lunivers-200x200.png 200w, https:\/\/gaabe-naturebienetre.fr\/wp-content\/uploads\/2025\/01\/2025-11-18-Meditation-au-tambour-Novembre-2025-Message-de-lunivers-400x400.png 400w, https:\/\/gaabe-naturebienetre.fr\/wp-content\/uploads\/2025\/01\/2025-11-18-Meditation-au-tambour-Novembre-2025-Message-de-lunivers-600x600.png 600w, https:\/\/gaabe-naturebienetre.fr\/wp-content\/uploads\/2025\/01\/2025-11-18-Meditation-au-tambour-Novembre-2025-Message-de-lunivers-800x800.png 800w, https:\/\/gaabe-naturebienetre.fr\/wp-content\/uploads\/2025\/01\/2025-11-18-Meditation-au-tambour-Novembre-2025-Message-de-lunivers.png 1080w\" sizes=\"(max-width: 640px) 100vw, 400px\" \/><\/span><\/div><\/div><\/div><div class=\"fusion-layout-column fusion_builder_column fusion-builder-column-13 fusion_builder_column_1_4 1_4 fusion-flex-column\" style=\"--awb-bg-size:cover;--awb-width-large:25%;--awb-margin-top-large:0px;--awb-spacing-right-large:7.68%;--awb-margin-bottom-large:20px;--awb-spacing-left-large:7.68%;--awb-width-medium:25%;--awb-order-medium:0;--awb-spacing-right-medium:7.68%;--awb-spacing-left-medium:7.68%;--awb-width-small:100%;--awb-order-small:0;--awb-spacing-right-small:1.92%;--awb-spacing-left-small:1.92%;\"><div class=\"fusion-column-wrapper fusion-column-has-shadow fusion-flex-justify-content-flex-start fusion-content-layout-column\"><div class=\"fusion-image-element \" style=\"--awb-caption-title-font-family:var(--h2_typography-font-family);--awb-caption-title-font-weight:var(--h2_typography-font-weight);--awb-caption-title-font-style:var(--h2_typography-font-style);--awb-caption-title-size:var(--h2_typography-font-size);--awb-caption-title-transform:var(--h2_typography-text-transform);--awb-caption-title-line-height:var(--h2_typography-line-height);--awb-caption-title-letter-spacing:var(--h2_typography-letter-spacing);\"><span class=\" fusion-imageframe imageframe-none imageframe-4 hover-type-none\"><img decoding=\"async\" width=\"300\" height=\"300\" title=\"2025-12-16 M\u00e9ditation tambour &#8211; D\u00e9cembre 2025 &#8211; Fin d&rsquo;un cycle\" src=\"http:\/\/gaabe-naturebienetre.fr\/wp-content\/uploads\/2025\/01\/2025-12-16-Meditation-tambour-Decembre-2025-Fin-dun-cycle-300x300.png\" alt class=\"img-responsive wp-image-736\" srcset=\"https:\/\/gaabe-naturebienetre.fr\/wp-content\/uploads\/2025\/01\/2025-12-16-Meditation-tambour-Decembre-2025-Fin-dun-cycle-200x200.png 200w, https:\/\/gaabe-naturebienetre.fr\/wp-content\/uploads\/2025\/01\/2025-12-16-Meditation-tambour-Decembre-2025-Fin-dun-cycle-400x400.png 400w, https:\/\/gaabe-naturebienetre.fr\/wp-content\/uploads\/2025\/01\/2025-12-16-Meditation-tambour-Decembre-2025-Fin-dun-cycle-600x600.png 600w, https:\/\/gaabe-naturebienetre.fr\/wp-content\/uploads\/2025\/01\/2025-12-16-Meditation-tambour-Decembre-2025-Fin-dun-cycle-800x800.png 800w, https:\/\/gaabe-naturebienetre.fr\/wp-content\/uploads\/2025\/01\/2025-12-16-Meditation-tambour-Decembre-2025-Fin-dun-cycle.png 1080w\" sizes=\"(max-width: 640px) 100vw, 400px\" \/><\/span><\/div><\/div><\/div><div class=\"fusion-layout-column fusion_builder_column fusion-builder-column-14 fusion_builder_column_1_4 1_4 fusion-flex-column\" style=\"--awb-bg-size:cover;--awb-width-large:25%;--awb-margin-top-large:0px;--awb-spacing-right-large:7.68%;--awb-margin-bottom-large:20px;--awb-spacing-left-large:7.68%;--awb-width-medium:25%;--awb-order-medium:0;--awb-spacing-right-medium:7.68%;--awb-spacing-left-medium:7.68%;--awb-width-small:100%;--awb-order-small:0;--awb-spacing-right-small:1.92%;--awb-spacing-left-small:1.92%;\"><div class=\"fusion-column-wrapper fusion-column-has-shadow fusion-flex-justify-content-flex-start fusion-content-layout-column\"><div class=\"fusion-image-element \" style=\"--awb-caption-title-font-family:var(--h2_typography-font-family);--awb-caption-title-font-weight:var(--h2_typography-font-weight);--awb-caption-title-font-style:var(--h2_typography-font-style);--awb-caption-title-size:var(--h2_typography-font-size);--awb-caption-title-transform:var(--h2_typography-text-transform);--awb-caption-title-line-height:var(--h2_typography-line-height);--awb-caption-title-letter-spacing:var(--h2_typography-letter-spacing);\"><span class=\" fusion-imageframe imageframe-none imageframe-5 hover-type-none\"><img decoding=\"async\" width=\"300\" height=\"300\" title=\"M\u00e9ditation au tambour &#8211; 2025 &#8211; R\u00e9capitulatif\" src=\"http:\/\/gaabe-naturebienetre.fr\/wp-content\/uploads\/2025\/01\/Meditation-au-tambour-2025-Recapitulatif-300x300.png\" alt class=\"img-responsive wp-image-735\" srcset=\"https:\/\/gaabe-naturebienetre.fr\/wp-content\/uploads\/2025\/01\/Meditation-au-tambour-2025-Recapitulatif-200x200.png 200w, https:\/\/gaabe-naturebienetre.fr\/wp-content\/uploads\/2025\/01\/Meditation-au-tambour-2025-Recapitulatif-400x400.png 400w, https:\/\/gaabe-naturebienetre.fr\/wp-content\/uploads\/2025\/01\/Meditation-au-tambour-2025-Recapitulatif-600x600.png 600w, https:\/\/gaabe-naturebienetre.fr\/wp-content\/uploads\/2025\/01\/Meditation-au-tambour-2025-Recapitulatif-800x800.png 800w, https:\/\/gaabe-naturebienetre.fr\/wp-content\/uploads\/2025\/01\/Meditation-au-tambour-2025-Recapitulatif.png 1080w\" sizes=\"(max-width: 640px) 100vw, 400px\" \/><\/span><\/div><\/div><\/div><div class=\"fusion-layout-column fusion_builder_column fusion-builder-column-15 fusion_builder_column_1_4 1_4 fusion-flex-column\" style=\"--awb-bg-size:cover;--awb-width-large:25%;--awb-margin-top-large:0px;--awb-spacing-right-large:7.68%;--awb-margin-bottom-large:20px;--awb-spacing-left-large:7.68%;--awb-width-medium:25%;--awb-order-medium:0;--awb-spacing-right-medium:7.68%;--awb-spacing-left-medium:7.68%;--awb-width-small:100%;--awb-order-small:0;--awb-spacing-right-small:1.92%;--awb-spacing-left-small:1.92%;\"><div class=\"fusion-column-wrapper fusion-column-has-shadow fusion-flex-justify-content-flex-start fusion-content-layout-column\"><\/div><\/div><\/div><\/div><\/p>\n","protected":false},"excerpt":{"rendered":"","protected":false},"author":1,"featured_media":0,"parent":0,"menu_order":0,"comment_status":"closed","ping_status":"closed","template":"","meta":{"content-type":""},"yoast_head":"<!-- This site is optimized with the Yoast SEO plugin v14.8 - https:\/\/yoast.com\/wordpress\/plugins\/seo\/ -->\n<title>Agenda Gaab\u00e9 C\u00e9line BA Energ\u00e9ticienne Ev\u00e8nements<\/title>\n<meta name=\"description\" content=\"A vos agendas ! Voici les \u00e9v\u00e9nements, ateliers, stages propos\u00e9es par C\u00e9line BA pour l&#039;entreprise Gaab\u00e9 - A consommer sans mod\u00e9ration !\" \/>\n<meta name=\"robots\" content=\"index, follow\" \/>\n<meta name=\"googlebot\" content=\"index, follow, max-snippet:-1, max-image-preview:large, max-video-preview:-1\" \/>\n<meta name=\"bingbot\" content=\"index, follow, max-snippet:-1, max-image-preview:large, max-video-preview:-1\" \/>\n<link rel=\"canonical\" href=\"http:\/\/gaabe-naturebienetre.fr\/index.php\/agenda\/\" \/>\n<meta property=\"og:locale\" content=\"fr_FR\" \/>\n<meta property=\"og:type\" content=\"article\" \/>\n<meta property=\"og:title\" content=\"Agenda Gaab\u00e9 C\u00e9line BA Energ\u00e9ticienne Ev\u00e8nements\" \/>\n<meta property=\"og:description\" content=\"A vos agendas ! Voici les \u00e9v\u00e9nements, ateliers, stages propos\u00e9es par C\u00e9line BA pour l&#039;entreprise Gaab\u00e9 - A consommer sans mod\u00e9ration !\" \/>\n<meta property=\"og:url\" content=\"http:\/\/gaabe-naturebienetre.fr\/index.php\/agenda\/\" \/>\n<meta property=\"og:site_name\" content=\"Gaabe\" \/>\n<meta property=\"article:modified_time\" content=\"2025-05-10T17:42:31+00:00\" \/>\n<meta name=\"twitter:card\" content=\"summary_large_image\" \/>\n<script type=\"application\/ld+json\" class=\"yoast-schema-graph\">{\"@context\":\"https:\/\/schema.org\",\"@graph\":[{\"@type\":\"WebSite\",\"@id\":\"https:\/\/gaabe-naturebienetre.fr\/#website\",\"url\":\"https:\/\/gaabe-naturebienetre.fr\/\",\"name\":\"Gaabe\",\"description\":\"Vivre en harmonie avec la nature, c&#039;est \\u00eatre \\u00e0 l&#039;\\u00e9coute de son corps et de son \\u00e2me\",\"potentialAction\":[{\"@type\":\"SearchAction\",\"target\":\"https:\/\/gaabe-naturebienetre.fr\/?s={search_term_string}\",\"query-input\":\"required name=search_term_string\"}],\"inLanguage\":\"fr-FR\"},{\"@type\":\"WebPage\",\"@id\":\"http:\/\/gaabe-naturebienetre.fr\/index.php\/agenda\/#webpage\",\"url\":\"http:\/\/gaabe-naturebienetre.fr\/index.php\/agenda\/\",\"name\":\"Agenda Gaab\\u00e9 C\\u00e9line BA Energ\\u00e9ticienne Ev\\u00e8nements\",\"isPartOf\":{\"@id\":\"https:\/\/gaabe-naturebienetre.fr\/#website\"},\"datePublished\":\"2020-09-29T11:47:32+00:00\",\"dateModified\":\"2025-05-10T17:42:31+00:00\",\"description\":\"A vos agendas ! Voici les \\u00e9v\\u00e9nements, ateliers, stages propos\\u00e9es par C\\u00e9line BA pour l'entreprise Gaab\\u00e9 - A consommer sans mod\\u00e9ration !\",\"inLanguage\":\"fr-FR\",\"potentialAction\":[{\"@type\":\"ReadAction\",\"target\":[\"http:\/\/gaabe-naturebienetre.fr\/index.php\/agenda\/\"]}]}]}<\/script>\n<!-- \/ Yoast SEO plugin. -->","_links":{"self":[{"href":"https:\/\/gaabe-naturebienetre.fr\/index.php\/wp-json\/wp\/v2\/pages\/127"}],"collection":[{"href":"https:\/\/gaabe-naturebienetre.fr\/index.php\/wp-json\/wp\/v2\/pages"}],"about":[{"href":"https:\/\/gaabe-naturebienetre.fr\/index.php\/wp-json\/wp\/v2\/types\/page"}],"author":[{"embeddable":true,"href":"https:\/\/gaabe-naturebienetre.fr\/index.php\/wp-json\/wp\/v2\/users\/1"}],"replies":[{"embeddable":true,"href":"https:\/\/gaabe-naturebienetre.fr\/index.php\/wp-json\/wp\/v2\/comments?post=127"}],"version-history":[{"count":13,"href":"https:\/\/gaabe-naturebienetre.fr\/index.php\/wp-json\/wp\/v2\/pages\/127\/revisions"}],"predecessor-version":[{"id":763,"href":"https:\/\/gaabe-naturebienetre.fr\/index.php\/wp-json\/wp\/v2\/pages\/127\/revisions\/763"}],"wp:attachment":[{"href":"https:\/\/gaabe-naturebienetre.fr\/index.php\/wp-json\/wp\/v2\/media?parent=127"}],"curies":[{"name":"wp","href":"https:\/\/api.w.org\/{rel}","templated":true}]}}