{"id":183,"date":"2020-09-29T15:57:54","date_gmt":"2020-09-29T13:57:54","guid":{"rendered":"http:\/\/gaabe-naturebienetre.fr\/?page_id=183"},"modified":"2023-10-02T13:48:50","modified_gmt":"2023-10-02T11:48:50","slug":"qui-sommes-nous","status":"publish","type":"page","link":"https:\/\/gaabe-naturebienetre.fr\/index.php\/qui-sommes-nous\/","title":{"rendered":"Qui suis-je"},"content":{"rendered":"<div class=\"fusion-fullwidth fullwidth-box fusion-builder-row-1 fusion-flex-container nonhundred-percent-fullwidth non-hundred-percent-height-scrolling\" style=\"--awb-border-radius-top-left:0px;--awb-border-radius-top-right:0px;--awb-border-radius-bottom-right:0px;--awb-border-radius-bottom-left:0px;--awb-flex-wrap:wrap;\" ><div class=\"fusion-builder-row fusion-row fusion-flex-align-items-flex-start fusion-flex-content-wrap\" style=\"max-width:1248px;margin-left: calc(-4% \/ 2 );margin-right: calc(-4% \/ 2 );\"><div class=\"fusion-layout-column fusion_builder_column fusion-builder-column-0 fusion_builder_column_1_2 1_2 fusion-flex-column\" style=\"--awb-bg-size:cover;--awb-width-large:50%;--awb-margin-top-large:0px;--awb-spacing-right-large:3.84%;--awb-margin-bottom-large:20px;--awb-spacing-left-large:3.84%;--awb-width-medium:50%;--awb-order-medium:0;--awb-spacing-right-medium:3.84%;--awb-spacing-left-medium:3.84%;--awb-width-small:100%;--awb-order-small:0;--awb-spacing-right-small:1.92%;--awb-spacing-left-small:1.92%;\"><div class=\"fusion-column-wrapper fusion-column-has-shadow fusion-flex-justify-content-flex-start fusion-content-layout-column\"><div class=\"fusion-text fusion-text-1\"><p>J\u2019ai toujours \u00e9t\u00e9 proche de la nature et de l\u2019humain. Ce sont des valeurs qui m\u2019ont \u00e9t\u00e9 inculqu\u00e9es depuis ma plus tendre enfance et que j\u2019ai nourri au fil des ann\u00e9es.<\/p>\n<p>Pendant quinze ans, j\u2019ai \u00e9t\u00e9 assistante sociale. Mais avec les ann\u00e9es, je ne me sentais plus en phase avec certaines facettes de mon m\u00e9tier.<\/p>\n<p>Puis je suis tomb\u00e9e malade. Une affection invalidante, douloureuse, longue qui m\u2019a fait remettre \u00e0 plat toute ma vie. De par mes traitements, je ne pouvais plus consommer les produits du commerce. J\u2019ai donc commenc\u00e9 \u00e0 cultiver mes propres l\u00e9gumes et \u00e0 tout fabriquer moi-m\u00eame au niveau alimentaire, cosm\u00e9tique, produit d\u2019entretien, etc.<\/p>\n<p>En parall\u00e8le, j\u2019ai continu\u00e9 les cours et s\u00e9minaire de sophrologie, m\u00e9ditation, d\u00e9veloppement personnel, initi\u00e9s quelques ann\u00e9es auparavant, acc\u00e9l\u00e9rant ma r\u00e9mission.<\/p>\n<p>Une fois gu\u00e9rie, il \u00e9tait inenvisageable de reprendre ma vie professionnelle o\u00f9 je l\u2019avais laiss\u00e9e. Impossible pour moi de ne plus \u00eatre en lien quotidien avec la nature ! Mon bien-\u00eatre en d\u00e9pendait.<\/p>\n<p>Il \u00e9tait temps, pour moi, de faire le grand saut, et me former dans les domaines qui me tenaient vraiment \u00e0 c\u0153ur : le bien-\u00eatre et la nature !<\/p>\n<p>Et c\u2019est ainsi que GAABE est n\u00e9\u2026. Gaab\u00e9 cela veut dire \u00ab graine \u00bb en peulh, et \u00e7a prend tout son sens quand on conna\u00eet mon chemin de vie et l\u2019importance que j\u2019accorde \u00e0 la transmission\u2026 C\u2019est aussi l\u2019acronyme de Grandir vers l\u2019Autonomie dans l\u2019Abondance et le Bien-Etre. Abondance d\u2019amour, de s\u00e9r\u00e9nit\u00e9, de sant\u00e9, financi\u00e8re et de l\u00e9gumes\u2026 bien-s\u00fbr !<\/p>\n<p>Etre align\u00e9e \u00e0 sa mission de vie, c\u2019est travailler chaque jour avec passion et amour, en incarnant son v\u00e9ritable \u00eatre, aussi, me voil\u00e0 devant vous, \u00e0 vous pr\u00e9senter les services de GAABE.<\/p>\n<p>                                                                                                                       C\u00e9line<\/p>\n<\/p>\n<p>Formations dont je me sers actuellement pour vous proposer les meilleurs soins :<\/p>\n<p>* Massage-soin des m\u00e9moires transg\u00e9n\u00e9rationnelles &#8211; <a href=\"https:\/\/www.omkaryann.com\/\" target=\"_blank\" rel=\"noopener noreferrer\">Om Karyann<\/a><\/p>\n<p>* Soins sacr\u00e9s anciens &#8211; Technicienne des corps subtils &#8211; <a href=\"https:\/\/www.carinemaury-hypnotherapeute-energeticienne.fr\/\" target=\"_blank\" rel=\"noopener noreferrer\">Carine Maury<\/a><\/p>\n<p>* Accompagnement au tambour &#8211; Gabriel OKO<\/p>\n<p>* Educatrice nature &#8211; <a href=\"https:\/\/eveil-et-nature.com\/\" target=\"_blank\" rel=\"noopener noreferrer\">Eveil et nature <\/a><\/p>\n<p>* Naturopathe &#8211; CNFDI<\/p>\n<p>* R\u00e9fl\u00e9xologue plantaire et palmaire &#8211; CNFDI<\/p><\/p>\n<\/div><\/div><\/div><div class=\"fusion-layout-column fusion_builder_column fusion-builder-column-1 fusion_builder_column_1_2 1_2 fusion-flex-column\" style=\"--awb-bg-size:cover;--awb-width-large:50%;--awb-margin-top-large:0px;--awb-spacing-right-large:3.84%;--awb-margin-bottom-large:20px;--awb-spacing-left-large:3.84%;--awb-width-medium:50%;--awb-order-medium:0;--awb-spacing-right-medium:3.84%;--awb-spacing-left-medium:3.84%;--awb-width-small:100%;--awb-order-small:0;--awb-spacing-right-small:1.92%;--awb-spacing-left-small:1.92%;\"><div class=\"fusion-column-wrapper fusion-column-has-shadow fusion-flex-justify-content-flex-start fusion-content-layout-column\"><div class=\"fusion-image-element \" style=\"--awb-caption-title-font-family:var(--h2_typography-font-family);--awb-caption-title-font-weight:var(--h2_typography-font-weight);--awb-caption-title-font-style:var(--h2_typography-font-style);--awb-caption-title-size:var(--h2_typography-font-size);--awb-caption-title-transform:var(--h2_typography-text-transform);--awb-caption-title-line-height:var(--h2_typography-line-height);--awb-caption-title-letter-spacing:var(--h2_typography-letter-spacing);\"><span class=\" fusion-imageframe imageframe-none imageframe-1 hover-type-none\"><img decoding=\"async\" width=\"1125\" height=\"1363\" title=\"Ce\u0301line portrait officiel\" src=\"http:\/\/gaabe-naturebienetre.fr\/wp-content\/uploads\/2020\/09\/Ce\u0301line-portrait-officiel.jpeg\" alt class=\"img-responsive wp-image-69\" srcset=\"https:\/\/gaabe-naturebienetre.fr\/wp-content\/uploads\/2020\/09\/Ce\u0301line-portrait-officiel-200x242.jpeg 200w, https:\/\/gaabe-naturebienetre.fr\/wp-content\/uploads\/2020\/09\/Ce\u0301line-portrait-officiel-400x485.jpeg 400w, https:\/\/gaabe-naturebienetre.fr\/wp-content\/uploads\/2020\/09\/Ce\u0301line-portrait-officiel-600x727.jpeg 600w, https:\/\/gaabe-naturebienetre.fr\/wp-content\/uploads\/2020\/09\/Ce\u0301line-portrait-officiel-800x969.jpeg 800w, https:\/\/gaabe-naturebienetre.fr\/wp-content\/uploads\/2020\/09\/Ce\u0301line-portrait-officiel.jpeg 1125w\" sizes=\"(max-width: 640px) 100vw, 600px\" \/><\/span><\/div><div class=\"fusion-image-element \" style=\"--awb-caption-title-font-family:var(--h2_typography-font-family);--awb-caption-title-font-weight:var(--h2_typography-font-weight);--awb-caption-title-font-style:var(--h2_typography-font-style);--awb-caption-title-size:var(--h2_typography-font-size);--awb-caption-title-transform:var(--h2_typography-text-transform);--awb-caption-title-line-height:var(--h2_typography-line-height);--awb-caption-title-letter-spacing:var(--h2_typography-letter-spacing);\"><span class=\" fusion-imageframe imageframe-none imageframe-2 hover-type-none\"><img decoding=\"async\" width=\"5352\" height=\"3132\" title=\"Logo Gaabe\u0301\" src=\"http:\/\/gaabe-naturebienetre.fr\/wp-content\/uploads\/2020\/08\/Logo-Gaabe\u0301.png\" alt class=\"img-responsive wp-image-54\" srcset=\"https:\/\/gaabe-naturebienetre.fr\/wp-content\/uploads\/2020\/08\/Logo-Gaabe\u0301-200x117.png 200w, https:\/\/gaabe-naturebienetre.fr\/wp-content\/uploads\/2020\/08\/Logo-Gaabe\u0301-400x234.png 400w, https:\/\/gaabe-naturebienetre.fr\/wp-content\/uploads\/2020\/08\/Logo-Gaabe\u0301-600x351.png 600w, https:\/\/gaabe-naturebienetre.fr\/wp-content\/uploads\/2020\/08\/Logo-Gaabe\u0301-800x468.png 800w, https:\/\/gaabe-naturebienetre.fr\/wp-content\/uploads\/2020\/08\/Logo-Gaabe\u0301-1200x702.png 1200w, https:\/\/gaabe-naturebienetre.fr\/wp-content\/uploads\/2020\/08\/Logo-Gaabe\u0301.png 5352w\" sizes=\"(max-width: 640px) 100vw, 600px\" \/><\/span><\/div><\/div><\/div><\/div><\/div>\n","protected":false},"excerpt":{"rendered":"","protected":false},"author":1,"featured_media":0,"parent":0,"menu_order":0,"comment_status":"closed","ping_status":"closed","template":"","meta":{"content-type":""},"yoast_head":"<!-- This site is optimized with the Yoast SEO plugin v14.8 - https:\/\/yoast.com\/wordpress\/plugins\/seo\/ -->\n<title>Qui suis-je - Gaabe<\/title>\n<meta name=\"description\" content=\"C\u00e9line BA, naturopathe, \u00e9ducatrice nature et \u00e9nerg\u00e9ticienne, vous propose ses services pour vous permettre un mieux-\u00eatre.\" \/>\n<meta name=\"robots\" content=\"index, follow\" \/>\n<meta name=\"googlebot\" content=\"index, follow, max-snippet:-1, max-image-preview:large, max-video-preview:-1\" \/>\n<meta name=\"bingbot\" content=\"index, follow, max-snippet:-1, max-image-preview:large, max-video-preview:-1\" \/>\n<link rel=\"canonical\" href=\"http:\/\/gaabe-naturebienetre.fr\/index.php\/qui-sommes-nous\/\" \/>\n<meta property=\"og:locale\" content=\"fr_FR\" \/>\n<meta property=\"og:type\" content=\"article\" \/>\n<meta property=\"og:title\" content=\"Qui suis-je - Gaabe\" \/>\n<meta property=\"og:description\" content=\"C\u00e9line BA, naturopathe, \u00e9ducatrice nature et \u00e9nerg\u00e9ticienne, vous propose ses services pour vous permettre un mieux-\u00eatre.\" \/>\n<meta property=\"og:url\" content=\"http:\/\/gaabe-naturebienetre.fr\/index.php\/qui-sommes-nous\/\" \/>\n<meta property=\"og:site_name\" content=\"Gaabe\" \/>\n<meta property=\"article:modified_time\" content=\"2023-10-02T11:48:50+00:00\" \/>\n<meta name=\"twitter:card\" content=\"summary_large_image\" \/>\n<script type=\"application\/ld+json\" class=\"yoast-schema-graph\">{\"@context\":\"https:\/\/schema.org\",\"@graph\":[{\"@type\":\"WebSite\",\"@id\":\"https:\/\/gaabe-naturebienetre.fr\/#website\",\"url\":\"https:\/\/gaabe-naturebienetre.fr\/\",\"name\":\"Gaabe\",\"description\":\"Vivre en harmonie avec la nature, c&#039;est \\u00eatre \\u00e0 l&#039;\\u00e9coute de son corps et de son \\u00e2me\",\"potentialAction\":[{\"@type\":\"SearchAction\",\"target\":\"https:\/\/gaabe-naturebienetre.fr\/?s={search_term_string}\",\"query-input\":\"required name=search_term_string\"}],\"inLanguage\":\"fr-FR\"},{\"@type\":\"WebPage\",\"@id\":\"http:\/\/gaabe-naturebienetre.fr\/index.php\/qui-sommes-nous\/#webpage\",\"url\":\"http:\/\/gaabe-naturebienetre.fr\/index.php\/qui-sommes-nous\/\",\"name\":\"Qui suis-je - Gaabe\",\"isPartOf\":{\"@id\":\"https:\/\/gaabe-naturebienetre.fr\/#website\"},\"datePublished\":\"2020-09-29T13:57:54+00:00\",\"dateModified\":\"2023-10-02T11:48:50+00:00\",\"description\":\"C\\u00e9line BA, naturopathe, \\u00e9ducatrice nature et \\u00e9nerg\\u00e9ticienne, vous propose ses services pour vous permettre un mieux-\\u00eatre.\",\"inLanguage\":\"fr-FR\",\"potentialAction\":[{\"@type\":\"ReadAction\",\"target\":[\"http:\/\/gaabe-naturebienetre.fr\/index.php\/qui-sommes-nous\/\"]}]}]}<\/script>\n<!-- \/ Yoast SEO plugin. -->","_links":{"self":[{"href":"https:\/\/gaabe-naturebienetre.fr\/index.php\/wp-json\/wp\/v2\/pages\/183"}],"collection":[{"href":"https:\/\/gaabe-naturebienetre.fr\/index.php\/wp-json\/wp\/v2\/pages"}],"about":[{"href":"https:\/\/gaabe-naturebienetre.fr\/index.php\/wp-json\/wp\/v2\/types\/page"}],"author":[{"embeddable":true,"href":"https:\/\/gaabe-naturebienetre.fr\/index.php\/wp-json\/wp\/v2\/users\/1"}],"replies":[{"embeddable":true,"href":"https:\/\/gaabe-naturebienetre.fr\/index.php\/wp-json\/wp\/v2\/comments?post=183"}],"version-history":[{"count":7,"href":"https:\/\/gaabe-naturebienetre.fr\/index.php\/wp-json\/wp\/v2\/pages\/183\/revisions"}],"predecessor-version":[{"id":515,"href":"https:\/\/gaabe-naturebienetre.fr\/index.php\/wp-json\/wp\/v2\/pages\/183\/revisions\/515"}],"wp:attachment":[{"href":"https:\/\/gaabe-naturebienetre.fr\/index.php\/wp-json\/wp\/v2\/media?parent=183"}],"curies":[{"name":"wp","href":"https:\/\/api.w.org\/{rel}","templated":true}]}}