{"id":187,"date":"2020-09-29T16:11:04","date_gmt":"2020-09-29T14:11:04","guid":{"rendered":"http:\/\/gaabe-naturebienetre.fr\/?page_id=187"},"modified":"2020-10-07T16:50:20","modified_gmt":"2020-10-07T14:50:20","slug":"contactez-moi","status":"publish","type":"page","link":"https:\/\/gaabe-naturebienetre.fr\/index.php\/contactez-moi\/","title":{"rendered":"Contactez-moi"},"content":{"rendered":"<div class=\"fusion-fullwidth fullwidth-box fusion-builder-row-1 fusion-flex-container nonhundred-percent-fullwidth non-hundred-percent-height-scrolling\" style=\"--awb-border-radius-top-left:0px;--awb-border-radius-top-right:0px;--awb-border-radius-bottom-right:0px;--awb-border-radius-bottom-left:0px;--awb-flex-wrap:wrap;\" ><div class=\"fusion-builder-row fusion-row fusion-flex-align-items-flex-start fusion-flex-content-wrap\" style=\"max-width:1248px;margin-left: calc(-4% \/ 2 );margin-right: calc(-4% \/ 2 );\"><div class=\"fusion-layout-column fusion_builder_column fusion-builder-column-0 fusion_builder_column_1_1 1_1 fusion-flex-column\" style=\"--awb-bg-size:cover;--awb-width-large:100%;--awb-margin-top-large:0px;--awb-spacing-right-large:1.92%;--awb-margin-bottom-large:20px;--awb-spacing-left-large:1.92%;--awb-width-medium:100%;--awb-order-medium:0;--awb-spacing-right-medium:1.92%;--awb-spacing-left-medium:1.92%;--awb-width-small:100%;--awb-order-small:0;--awb-spacing-right-small:1.92%;--awb-spacing-left-small:1.92%;\"><div class=\"fusion-column-wrapper fusion-column-has-shadow fusion-flex-justify-content-flex-start fusion-content-layout-column\"><div role=\"form\" class=\"wpcf7\" id=\"wpcf7-f190-o1\" lang=\"fr-FR\" dir=\"ltr\">\n<div class=\"screen-reader-response\" role=\"alert\" aria-live=\"polite\"><\/div>\n<form action=\"\/index.php\/wp-json\/wp\/v2\/pages\/187#wpcf7-f190-o1\" method=\"post\" class=\"wpcf7-form init\" novalidate=\"novalidate\">\n<div style=\"display: none;\">\n<input type=\"hidden\" name=\"_wpcf7\" value=\"190\" \/>\n<input type=\"hidden\" name=\"_wpcf7_version\" value=\"5.2.1\" \/>\n<input type=\"hidden\" name=\"_wpcf7_locale\" value=\"fr_FR\" \/>\n<input type=\"hidden\" name=\"_wpcf7_unit_tag\" value=\"wpcf7-f190-o1\" \/>\n<input type=\"hidden\" name=\"_wpcf7_container_post\" value=\"0\" \/>\n<input type=\"hidden\" name=\"_wpcf7_posted_data_hash\" value=\"\" \/>\n<\/div>\n<p><label> Votre nom (obligatoire)<br \/>\n    <span class=\"wpcf7-form-control-wrap your-name\"><input type=\"text\" name=\"your-name\" value=\"\" size=\"40\" class=\"wpcf7-form-control wpcf7-text wpcf7-validates-as-required\" aria-required=\"true\" aria-invalid=\"false\" \/><\/span> <\/label><\/p>\n<p><label> Votre adresse de messagerie (obligatoire)<br \/>\n    <span class=\"wpcf7-form-control-wrap your-email\"><input type=\"email\" name=\"your-email\" value=\"\" size=\"40\" class=\"wpcf7-form-control wpcf7-text wpcf7-email wpcf7-validates-as-required wpcf7-validates-as-email\" aria-required=\"true\" aria-invalid=\"false\" \/><\/span> <\/label><\/p>\n<p><label> Objet<br \/>\n    <span class=\"wpcf7-form-control-wrap your-subject\"><input type=\"text\" name=\"your-subject\" value=\"\" size=\"40\" class=\"wpcf7-form-control wpcf7-text\" aria-invalid=\"false\" \/><\/span> <\/label><\/p>\n<p><label> Votre message<br \/>\n    <span class=\"wpcf7-form-control-wrap your-message\"><textarea name=\"your-message\" cols=\"40\" rows=\"10\" class=\"wpcf7-form-control wpcf7-textarea\" aria-invalid=\"false\"><\/textarea><\/span> <\/label><\/p>\n<p><input type=\"submit\" value=\"Envoyer\" class=\"wpcf7-form-control wpcf7-submit\" \/><\/p>\n<div class=\"fusion-alert alert custom alert-custom fusion-alert-center wpcf7-response-output awb-alert-native-link-color alert-dismissable awb-alert-close-boxed\" style=\"--awb-border-size:1px;--awb-border-top-left-radius:0px;--awb-border-top-right-radius:0px;--awb-border-bottom-left-radius:0px;\" role=\"alert\"><div class=\"fusion-alert-content-wrapper\"><span class=\"fusion-alert-content\"><\/span><\/div><button type=\"button\" class=\"close toggle-alert\" data-dismiss=\"alert\" aria-label=\"Close\">&times;<\/button><\/div><\/form><\/div><\/div><\/div><\/div><\/div>\n","protected":false},"excerpt":{"rendered":"","protected":false},"author":1,"featured_media":0,"parent":0,"menu_order":0,"comment_status":"closed","ping_status":"closed","template":"","meta":{"content-type":""},"yoast_head":"<!-- This site is optimized with the Yoast SEO plugin v14.8 - https:\/\/yoast.com\/wordpress\/plugins\/seo\/ -->\n<title>Gaab\u00e9 - Nature et bien-\u00eatre - C\u00e9line BA - Contact entreprise GAABE<\/title>\n<meta name=\"description\" content=\"Services vari\u00e9s et compl\u00e9mentaires : naturopathie, r\u00e9flexologie, \u00e9ducation nature, coaching potager, atelier pour un bien-\u00eatre au quotidien\" \/>\n<meta name=\"robots\" content=\"index, follow\" \/>\n<meta name=\"googlebot\" content=\"index, follow, max-snippet:-1, max-image-preview:large, max-video-preview:-1\" \/>\n<meta name=\"bingbot\" content=\"index, follow, max-snippet:-1, max-image-preview:large, max-video-preview:-1\" \/>\n<link rel=\"canonical\" href=\"http:\/\/gaabe-naturebienetre.fr\/index.php\/contactez-moi\/\" \/>\n<meta property=\"og:locale\" content=\"fr_FR\" \/>\n<meta property=\"og:type\" content=\"article\" \/>\n<meta property=\"og:title\" content=\"Gaab\u00e9 - Nature et bien-\u00eatre - C\u00e9line BA - Contact entreprise GAABE\" \/>\n<meta property=\"og:description\" content=\"Services vari\u00e9s et compl\u00e9mentaires : naturopathie, r\u00e9flexologie, \u00e9ducation nature, coaching potager, atelier pour un bien-\u00eatre au quotidien\" \/>\n<meta property=\"og:url\" content=\"http:\/\/gaabe-naturebienetre.fr\/index.php\/contactez-moi\/\" \/>\n<meta property=\"og:site_name\" content=\"Gaabe\" \/>\n<meta property=\"article:modified_time\" content=\"2020-10-07T14:50:20+00:00\" \/>\n<meta name=\"twitter:card\" content=\"summary_large_image\" \/>\n<script type=\"application\/ld+json\" class=\"yoast-schema-graph\">{\"@context\":\"https:\/\/schema.org\",\"@graph\":[{\"@type\":\"WebSite\",\"@id\":\"https:\/\/gaabe-naturebienetre.fr\/#website\",\"url\":\"https:\/\/gaabe-naturebienetre.fr\/\",\"name\":\"Gaabe\",\"description\":\"Vivre en harmonie avec la nature, c&#039;est \\u00eatre \\u00e0 l&#039;\\u00e9coute de son corps et de son \\u00e2me\",\"potentialAction\":[{\"@type\":\"SearchAction\",\"target\":\"https:\/\/gaabe-naturebienetre.fr\/?s={search_term_string}\",\"query-input\":\"required name=search_term_string\"}],\"inLanguage\":\"fr-FR\"},{\"@type\":\"WebPage\",\"@id\":\"http:\/\/gaabe-naturebienetre.fr\/index.php\/contactez-moi\/#webpage\",\"url\":\"http:\/\/gaabe-naturebienetre.fr\/index.php\/contactez-moi\/\",\"name\":\"Gaab\\u00e9 - Nature et bien-\\u00eatre - C\\u00e9line BA - Contact entreprise GAABE\",\"isPartOf\":{\"@id\":\"https:\/\/gaabe-naturebienetre.fr\/#website\"},\"datePublished\":\"2020-09-29T14:11:04+00:00\",\"dateModified\":\"2020-10-07T14:50:20+00:00\",\"description\":\"Services vari\\u00e9s et compl\\u00e9mentaires : naturopathie, r\\u00e9flexologie, \\u00e9ducation nature, coaching potager, atelier pour un bien-\\u00eatre au quotidien\",\"inLanguage\":\"fr-FR\",\"potentialAction\":[{\"@type\":\"ReadAction\",\"target\":[\"http:\/\/gaabe-naturebienetre.fr\/index.php\/contactez-moi\/\"]}]}]}<\/script>\n<!-- \/ Yoast SEO plugin. -->","_links":{"self":[{"href":"https:\/\/gaabe-naturebienetre.fr\/index.php\/wp-json\/wp\/v2\/pages\/187"}],"collection":[{"href":"https:\/\/gaabe-naturebienetre.fr\/index.php\/wp-json\/wp\/v2\/pages"}],"about":[{"href":"https:\/\/gaabe-naturebienetre.fr\/index.php\/wp-json\/wp\/v2\/types\/page"}],"author":[{"embeddable":true,"href":"https:\/\/gaabe-naturebienetre.fr\/index.php\/wp-json\/wp\/v2\/users\/1"}],"replies":[{"embeddable":true,"href":"https:\/\/gaabe-naturebienetre.fr\/index.php\/wp-json\/wp\/v2\/comments?post=187"}],"version-history":[{"count":7,"href":"https:\/\/gaabe-naturebienetre.fr\/index.php\/wp-json\/wp\/v2\/pages\/187\/revisions"}],"predecessor-version":[{"id":256,"href":"https:\/\/gaabe-naturebienetre.fr\/index.php\/wp-json\/wp\/v2\/pages\/187\/revisions\/256"}],"wp:attachment":[{"href":"https:\/\/gaabe-naturebienetre.fr\/index.php\/wp-json\/wp\/v2\/media?parent=187"}],"curies":[{"name":"wp","href":"https:\/\/api.w.org\/{rel}","templated":true}]}}