{"id":61,"date":"2020-09-14T10:57:15","date_gmt":"2020-09-14T08:57:15","guid":{"rendered":"http:\/\/gaabe-naturebienetre.fr\/?page_id=61"},"modified":"2020-10-01T11:02:54","modified_gmt":"2020-10-01T09:02:54","slug":"galerie-photo","status":"publish","type":"page","link":"https:\/\/gaabe-naturebienetre.fr\/index.php\/galerie-photo\/","title":{"rendered":"Galerie Photo"},"content":{"rendered":"<div class=\"fusion-fullwidth fullwidth-box fusion-builder-row-1 fusion-flex-container nonhundred-percent-fullwidth non-hundred-percent-height-scrolling\" style=\"--awb-border-radius-top-left:0px;--awb-border-radius-top-right:0px;--awb-border-radius-bottom-right:0px;--awb-border-radius-bottom-left:0px;--awb-flex-wrap:wrap;\" ><div class=\"fusion-builder-row fusion-row fusion-flex-align-items-flex-start fusion-flex-content-wrap\" style=\"max-width:1248px;margin-left: calc(-4% \/ 2 );margin-right: calc(-4% \/ 2 );\"><div class=\"fusion-layout-column fusion_builder_column fusion-builder-column-0 fusion_builder_column_1_1 1_1 fusion-flex-column\" style=\"--awb-bg-size:cover;--awb-width-large:100%;--awb-margin-top-large:0px;--awb-spacing-right-large:1.92%;--awb-margin-bottom-large:20px;--awb-spacing-left-large:1.92%;--awb-width-medium:100%;--awb-order-medium:0;--awb-spacing-right-medium:1.92%;--awb-spacing-left-medium:1.92%;--awb-width-small:100%;--awb-order-small:0;--awb-spacing-right-small:1.92%;--awb-spacing-left-small:1.92%;\"><div class=\"fusion-column-wrapper fusion-column-has-shadow fusion-flex-justify-content-flex-start fusion-content-layout-column\"><div class=\"awb-gallery-wrapper awb-gallery-wrapper-1 button-span-no\"><div style=\"margin:-5px;--awb-bordersize:0px;\" class=\"fusion-gallery fusion-gallery-container fusion-grid-3 fusion-columns-total-13 fusion-gallery-layout-grid fusion-gallery-1\"><div style=\"padding:5px;\" class=\"fusion-grid-column fusion-gallery-column fusion-gallery-column-3 hover-type-none\"><div class=\"fusion-gallery-image\"><a href=\"https:\/\/gaabe-naturebienetre.fr\/wp-content\/uploads\/2020\/09\/Le\u0301o-Mathe\u0301is-suspension-arboricole-scaled.jpg\" rel=\"noreferrer\" data-rel=\"iLightbox[gallery_image_1]\" class=\"fusion-lightbox\" target=\"_self\"><img decoding=\"async\" src=\"https:\/\/gaabe-naturebienetre.fr\/wp-content\/uploads\/2020\/09\/Le\u0301o-Mathe\u0301is-suspension-arboricole-scaled.jpg\" width=\"2560\" height=\"1707\" alt=\"\" title=\"Le\u0301o-Mathe\u0301is-suspension arboricole\" aria-label=\"Le\u0301o-Mathe\u0301is-suspension arboricole\" class=\"img-responsive wp-image-71\" srcset=\"https:\/\/gaabe-naturebienetre.fr\/wp-content\/uploads\/2020\/09\/Le\u0301o-Mathe\u0301is-suspension-arboricole-200x133.jpg 200w, https:\/\/gaabe-naturebienetre.fr\/wp-content\/uploads\/2020\/09\/Le\u0301o-Mathe\u0301is-suspension-arboricole-400x267.jpg 400w, https:\/\/gaabe-naturebienetre.fr\/wp-content\/uploads\/2020\/09\/Le\u0301o-Mathe\u0301is-suspension-arboricole-600x400.jpg 600w, https:\/\/gaabe-naturebienetre.fr\/wp-content\/uploads\/2020\/09\/Le\u0301o-Mathe\u0301is-suspension-arboricole-800x533.jpg 800w, https:\/\/gaabe-naturebienetre.fr\/wp-content\/uploads\/2020\/09\/Le\u0301o-Mathe\u0301is-suspension-arboricole-1200x800.jpg 1200w, https:\/\/gaabe-naturebienetre.fr\/wp-content\/uploads\/2020\/09\/Le\u0301o-Mathe\u0301is-suspension-arboricole-scaled.jpg 2560w\" sizes=\"(min-width: 2200px) 100vw, (min-width: 784px) 397px, (min-width: 712px) 595px, (min-width: 640px) 712px, \" \/><\/a><\/div><\/div><div style=\"padding:5px;\" class=\"fusion-grid-column fusion-gallery-column fusion-gallery-column-3 hover-type-none\"><div class=\"fusion-gallery-image\"><a href=\"https:\/\/gaabe-naturebienetre.fr\/wp-content\/uploads\/2020\/09\/Robin-Nolhane-pre\u0301sence-animale-2-scaled.jpg\" rel=\"noreferrer\" data-rel=\"iLightbox[gallery_image_1]\" class=\"fusion-lightbox\" target=\"_self\"><img decoding=\"async\" src=\"https:\/\/gaabe-naturebienetre.fr\/wp-content\/uploads\/2020\/09\/Robin-Nolhane-pre\u0301sence-animale-2-scaled.jpg\" width=\"1920\" height=\"2560\" alt=\"\" title=\"C\u00e9line BA Education nature\" aria-label=\"C\u00e9line BA Education nature\" class=\"img-responsive wp-image-74\" srcset=\"https:\/\/gaabe-naturebienetre.fr\/wp-content\/uploads\/2020\/09\/Robin-Nolhane-pre\u0301sence-animale-2-200x267.jpg 200w, https:\/\/gaabe-naturebienetre.fr\/wp-content\/uploads\/2020\/09\/Robin-Nolhane-pre\u0301sence-animale-2-400x533.jpg 400w, https:\/\/gaabe-naturebienetre.fr\/wp-content\/uploads\/2020\/09\/Robin-Nolhane-pre\u0301sence-animale-2-600x800.jpg 600w, https:\/\/gaabe-naturebienetre.fr\/wp-content\/uploads\/2020\/09\/Robin-Nolhane-pre\u0301sence-animale-2-800x1067.jpg 800w, https:\/\/gaabe-naturebienetre.fr\/wp-content\/uploads\/2020\/09\/Robin-Nolhane-pre\u0301sence-animale-2-1200x1600.jpg 1200w, https:\/\/gaabe-naturebienetre.fr\/wp-content\/uploads\/2020\/09\/Robin-Nolhane-pre\u0301sence-animale-2-scaled.jpg 1920w\" sizes=\"(min-width: 2200px) 100vw, (min-width: 784px) 397px, (min-width: 712px) 595px, (min-width: 640px) 712px, \" \/><\/a><\/div><\/div><div style=\"padding:5px;\" class=\"fusion-grid-column fusion-gallery-column fusion-gallery-column-3 hover-type-none\"><div class=\"fusion-gallery-image\"><a href=\"https:\/\/gaabe-naturebienetre.fr\/wp-content\/uploads\/2020\/09\/Lea-loupe-pissenlit-1-scaled.jpg\" rel=\"noreferrer\" data-rel=\"iLightbox[gallery_image_1]\" class=\"fusion-lightbox\" target=\"_self\"><img decoding=\"async\" src=\"https:\/\/gaabe-naturebienetre.fr\/wp-content\/uploads\/2020\/09\/Lea-loupe-pissenlit-1-scaled.jpg\" width=\"1707\" height=\"2560\" alt=\"\" title=\"Lea- loupe &#8211; pissenlit (1)\" aria-label=\"Lea- loupe &#8211; pissenlit (1)\" class=\"img-responsive wp-image-75\" srcset=\"https:\/\/gaabe-naturebienetre.fr\/wp-content\/uploads\/2020\/09\/Lea-loupe-pissenlit-1-200x300.jpg 200w, https:\/\/gaabe-naturebienetre.fr\/wp-content\/uploads\/2020\/09\/Lea-loupe-pissenlit-1-400x600.jpg 400w, https:\/\/gaabe-naturebienetre.fr\/wp-content\/uploads\/2020\/09\/Lea-loupe-pissenlit-1-600x900.jpg 600w, https:\/\/gaabe-naturebienetre.fr\/wp-content\/uploads\/2020\/09\/Lea-loupe-pissenlit-1-800x1200.jpg 800w, https:\/\/gaabe-naturebienetre.fr\/wp-content\/uploads\/2020\/09\/Lea-loupe-pissenlit-1-1200x1800.jpg 1200w, https:\/\/gaabe-naturebienetre.fr\/wp-content\/uploads\/2020\/09\/Lea-loupe-pissenlit-1-scaled.jpg 1707w\" sizes=\"(min-width: 2200px) 100vw, (min-width: 784px) 397px, (min-width: 712px) 595px, (min-width: 640px) 712px, \" \/><\/a><\/div><\/div><div class=\"clearfix\"><\/div><div style=\"padding:5px;\" class=\"fusion-grid-column fusion-gallery-column fusion-gallery-column-3 hover-type-none\"><div class=\"fusion-gallery-image\"><a href=\"https:\/\/gaabe-naturebienetre.fr\/wp-content\/uploads\/2020\/09\/Matheis_aubergine-scaled.jpg\" rel=\"noreferrer\" data-rel=\"iLightbox[gallery_image_1]\" class=\"fusion-lightbox\" target=\"_self\"><img decoding=\"async\" src=\"https:\/\/gaabe-naturebienetre.fr\/wp-content\/uploads\/2020\/09\/Matheis_aubergine-scaled.jpg\" width=\"2560\" height=\"1707\" alt=\"\" title=\"Matheis_aubergine\" aria-label=\"Matheis_aubergine\" class=\"img-responsive wp-image-78\" srcset=\"https:\/\/gaabe-naturebienetre.fr\/wp-content\/uploads\/2020\/09\/Matheis_aubergine-200x133.jpg 200w, https:\/\/gaabe-naturebienetre.fr\/wp-content\/uploads\/2020\/09\/Matheis_aubergine-400x267.jpg 400w, https:\/\/gaabe-naturebienetre.fr\/wp-content\/uploads\/2020\/09\/Matheis_aubergine-600x400.jpg 600w, https:\/\/gaabe-naturebienetre.fr\/wp-content\/uploads\/2020\/09\/Matheis_aubergine-800x533.jpg 800w, https:\/\/gaabe-naturebienetre.fr\/wp-content\/uploads\/2020\/09\/Matheis_aubergine-1200x800.jpg 1200w, https:\/\/gaabe-naturebienetre.fr\/wp-content\/uploads\/2020\/09\/Matheis_aubergine-scaled.jpg 2560w\" sizes=\"(min-width: 2200px) 100vw, (min-width: 784px) 397px, (min-width: 712px) 595px, (min-width: 640px) 712px, \" \/><\/a><\/div><\/div><div style=\"padding:5px;\" class=\"fusion-grid-column fusion-gallery-column fusion-gallery-column-3 hover-type-none\"><div class=\"fusion-gallery-image\"><a href=\"https:\/\/gaabe-naturebienetre.fr\/wp-content\/uploads\/2020\/09\/Garc\u0327ons-construction-cabane-scaled.jpg\" rel=\"noreferrer\" data-rel=\"iLightbox[gallery_image_1]\" class=\"fusion-lightbox\" target=\"_self\"><img decoding=\"async\" src=\"https:\/\/gaabe-naturebienetre.fr\/wp-content\/uploads\/2020\/09\/Garc\u0327ons-construction-cabane-scaled.jpg\" width=\"2560\" height=\"1707\" alt=\"\" title=\"Garc\u0327ons construction cabane\" aria-label=\"Garc\u0327ons construction cabane\" class=\"img-responsive wp-image-85\" srcset=\"https:\/\/gaabe-naturebienetre.fr\/wp-content\/uploads\/2020\/09\/Garc\u0327ons-construction-cabane-200x133.jpg 200w, https:\/\/gaabe-naturebienetre.fr\/wp-content\/uploads\/2020\/09\/Garc\u0327ons-construction-cabane-400x267.jpg 400w, https:\/\/gaabe-naturebienetre.fr\/wp-content\/uploads\/2020\/09\/Garc\u0327ons-construction-cabane-600x400.jpg 600w, https:\/\/gaabe-naturebienetre.fr\/wp-content\/uploads\/2020\/09\/Garc\u0327ons-construction-cabane-800x533.jpg 800w, https:\/\/gaabe-naturebienetre.fr\/wp-content\/uploads\/2020\/09\/Garc\u0327ons-construction-cabane-1200x800.jpg 1200w, https:\/\/gaabe-naturebienetre.fr\/wp-content\/uploads\/2020\/09\/Garc\u0327ons-construction-cabane-scaled.jpg 2560w\" sizes=\"(min-width: 2200px) 100vw, (min-width: 784px) 397px, (min-width: 712px) 595px, (min-width: 640px) 712px, \" \/><\/a><\/div><\/div><div style=\"padding:5px;\" class=\"fusion-grid-column fusion-gallery-column fusion-gallery-column-3 hover-type-none\"><div class=\"fusion-gallery-image\"><a href=\"https:\/\/gaabe-naturebienetre.fr\/wp-content\/uploads\/2020\/09\/Produits-dentretien-1-scaled.jpg\" rel=\"noreferrer\" data-rel=\"iLightbox[gallery_image_1]\" class=\"fusion-lightbox\" target=\"_self\"><img decoding=\"async\" src=\"https:\/\/gaabe-naturebienetre.fr\/wp-content\/uploads\/2020\/09\/Produits-dentretien-1-scaled.jpg\" width=\"1920\" height=\"2560\" alt=\"\" title=\"Produits d&rsquo;entretien 1\" aria-label=\"Produits d&rsquo;entretien 1\" class=\"img-responsive wp-image-91\" srcset=\"https:\/\/gaabe-naturebienetre.fr\/wp-content\/uploads\/2020\/09\/Produits-dentretien-1-200x267.jpg 200w, https:\/\/gaabe-naturebienetre.fr\/wp-content\/uploads\/2020\/09\/Produits-dentretien-1-400x533.jpg 400w, https:\/\/gaabe-naturebienetre.fr\/wp-content\/uploads\/2020\/09\/Produits-dentretien-1-600x800.jpg 600w, https:\/\/gaabe-naturebienetre.fr\/wp-content\/uploads\/2020\/09\/Produits-dentretien-1-800x1067.jpg 800w, https:\/\/gaabe-naturebienetre.fr\/wp-content\/uploads\/2020\/09\/Produits-dentretien-1-1200x1600.jpg 1200w, https:\/\/gaabe-naturebienetre.fr\/wp-content\/uploads\/2020\/09\/Produits-dentretien-1-scaled.jpg 1920w\" sizes=\"(min-width: 2200px) 100vw, (min-width: 784px) 397px, (min-width: 712px) 595px, (min-width: 640px) 712px, \" \/><\/a><\/div><\/div><div class=\"clearfix\"><\/div><div style=\"padding:5px;\" class=\"fusion-grid-column fusion-gallery-column fusion-gallery-column-3 hover-type-none\"><div class=\"fusion-gallery-image\"><a href=\"https:\/\/gaabe-naturebienetre.fr\/wp-content\/uploads\/2020\/09\/Re\u0301flexologie-palmaire-1-scaled.jpg\" rel=\"noreferrer\" data-rel=\"iLightbox[gallery_image_1]\" class=\"fusion-lightbox\" target=\"_self\"><img decoding=\"async\" src=\"https:\/\/gaabe-naturebienetre.fr\/wp-content\/uploads\/2020\/09\/Re\u0301flexologie-palmaire-1-scaled.jpg\" width=\"2029\" height=\"2560\" alt=\"\" title=\"bst\" aria-label=\"bst\" class=\"img-responsive wp-image-100\" srcset=\"https:\/\/gaabe-naturebienetre.fr\/wp-content\/uploads\/2020\/09\/Re\u0301flexologie-palmaire-1-200x252.jpg 200w, https:\/\/gaabe-naturebienetre.fr\/wp-content\/uploads\/2020\/09\/Re\u0301flexologie-palmaire-1-400x505.jpg 400w, https:\/\/gaabe-naturebienetre.fr\/wp-content\/uploads\/2020\/09\/Re\u0301flexologie-palmaire-1-600x757.jpg 600w, https:\/\/gaabe-naturebienetre.fr\/wp-content\/uploads\/2020\/09\/Re\u0301flexologie-palmaire-1-800x1009.jpg 800w, https:\/\/gaabe-naturebienetre.fr\/wp-content\/uploads\/2020\/09\/Re\u0301flexologie-palmaire-1-1200x1514.jpg 1200w, https:\/\/gaabe-naturebienetre.fr\/wp-content\/uploads\/2020\/09\/Re\u0301flexologie-palmaire-1-scaled.jpg 2029w\" sizes=\"(min-width: 2200px) 100vw, (min-width: 784px) 397px, (min-width: 712px) 595px, (min-width: 640px) 712px, \" \/><\/a><\/div><\/div><div style=\"padding:5px;\" class=\"fusion-grid-column fusion-gallery-column fusion-gallery-column-3 hover-type-none\"><div class=\"fusion-gallery-image\"><a href=\"https:\/\/gaabe-naturebienetre.fr\/wp-content\/uploads\/2020\/09\/Reiki-Ide\u0301aux.jpg\" rel=\"noreferrer\" data-rel=\"iLightbox[gallery_image_1]\" class=\"fusion-lightbox\" target=\"_self\"><img decoding=\"async\" src=\"https:\/\/gaabe-naturebienetre.fr\/wp-content\/uploads\/2020\/09\/Reiki-Ide\u0301aux.jpg\" width=\"1326\" height=\"946\" alt=\"\" title=\"Reiki Ide\u0301aux\" aria-label=\"Reiki Ide\u0301aux\" class=\"img-responsive wp-image-96\" srcset=\"https:\/\/gaabe-naturebienetre.fr\/wp-content\/uploads\/2020\/09\/Reiki-Ide\u0301aux-200x143.jpg 200w, https:\/\/gaabe-naturebienetre.fr\/wp-content\/uploads\/2020\/09\/Reiki-Ide\u0301aux-400x285.jpg 400w, https:\/\/gaabe-naturebienetre.fr\/wp-content\/uploads\/2020\/09\/Reiki-Ide\u0301aux-600x428.jpg 600w, https:\/\/gaabe-naturebienetre.fr\/wp-content\/uploads\/2020\/09\/Reiki-Ide\u0301aux-800x571.jpg 800w, https:\/\/gaabe-naturebienetre.fr\/wp-content\/uploads\/2020\/09\/Reiki-Ide\u0301aux-1200x856.jpg 1200w, https:\/\/gaabe-naturebienetre.fr\/wp-content\/uploads\/2020\/09\/Reiki-Ide\u0301aux.jpg 1326w\" sizes=\"(min-width: 2200px) 100vw, (min-width: 784px) 397px, (min-width: 712px) 595px, (min-width: 640px) 712px, \" \/><\/a><\/div><\/div><div style=\"padding:5px;\" class=\"fusion-grid-column fusion-gallery-column fusion-gallery-column-3 hover-type-none\"><div class=\"fusion-gallery-image\"><a href=\"https:\/\/gaabe-naturebienetre.fr\/wp-content\/uploads\/2020\/09\/Matheis_jumelles_sourire-scaled.jpg\" rel=\"noreferrer\" data-rel=\"iLightbox[gallery_image_1]\" class=\"fusion-lightbox\" target=\"_self\"><img decoding=\"async\" src=\"https:\/\/gaabe-naturebienetre.fr\/wp-content\/uploads\/2020\/09\/Matheis_jumelles_sourire-scaled.jpg\" width=\"2560\" height=\"1707\" alt=\"\" title=\"Matheis_jumelles_sourire\" aria-label=\"Matheis_jumelles_sourire\" class=\"img-responsive wp-image-157\" srcset=\"https:\/\/gaabe-naturebienetre.fr\/wp-content\/uploads\/2020\/09\/Matheis_jumelles_sourire-200x133.jpg 200w, https:\/\/gaabe-naturebienetre.fr\/wp-content\/uploads\/2020\/09\/Matheis_jumelles_sourire-400x267.jpg 400w, https:\/\/gaabe-naturebienetre.fr\/wp-content\/uploads\/2020\/09\/Matheis_jumelles_sourire-600x400.jpg 600w, https:\/\/gaabe-naturebienetre.fr\/wp-content\/uploads\/2020\/09\/Matheis_jumelles_sourire-800x533.jpg 800w, https:\/\/gaabe-naturebienetre.fr\/wp-content\/uploads\/2020\/09\/Matheis_jumelles_sourire-1200x800.jpg 1200w, https:\/\/gaabe-naturebienetre.fr\/wp-content\/uploads\/2020\/09\/Matheis_jumelles_sourire-scaled.jpg 2560w\" sizes=\"(min-width: 2200px) 100vw, (min-width: 784px) 397px, (min-width: 712px) 595px, (min-width: 640px) 712px, \" \/><\/a><\/div><\/div><div class=\"clearfix\"><\/div><div style=\"padding:5px;\" class=\"fusion-grid-column fusion-gallery-column fusion-gallery-column-3 hover-type-none\"><div class=\"fusion-gallery-image\"><a href=\"https:\/\/gaabe-naturebienetre.fr\/wp-content\/uploads\/2020\/09\/Jo-et-larbre-scaled.jpg\" rel=\"noreferrer\" data-rel=\"iLightbox[gallery_image_1]\" class=\"fusion-lightbox\" target=\"_self\"><img decoding=\"async\" src=\"https:\/\/gaabe-naturebienetre.fr\/wp-content\/uploads\/2020\/09\/Jo-et-larbre-scaled.jpg\" width=\"1920\" height=\"2560\" alt=\"\" title=\"Jo et l&rsquo;arbre\" aria-label=\"Jo et l&rsquo;arbre\" class=\"img-responsive wp-image-147\" srcset=\"https:\/\/gaabe-naturebienetre.fr\/wp-content\/uploads\/2020\/09\/Jo-et-larbre-200x267.jpg 200w, https:\/\/gaabe-naturebienetre.fr\/wp-content\/uploads\/2020\/09\/Jo-et-larbre-400x533.jpg 400w, https:\/\/gaabe-naturebienetre.fr\/wp-content\/uploads\/2020\/09\/Jo-et-larbre-600x800.jpg 600w, https:\/\/gaabe-naturebienetre.fr\/wp-content\/uploads\/2020\/09\/Jo-et-larbre-800x1067.jpg 800w, https:\/\/gaabe-naturebienetre.fr\/wp-content\/uploads\/2020\/09\/Jo-et-larbre-1200x1600.jpg 1200w, https:\/\/gaabe-naturebienetre.fr\/wp-content\/uploads\/2020\/09\/Jo-et-larbre-scaled.jpg 1920w\" sizes=\"(min-width: 2200px) 100vw, (min-width: 784px) 397px, (min-width: 712px) 595px, (min-width: 640px) 712px, \" \/><\/a><\/div><\/div><div style=\"padding:5px;\" class=\"fusion-grid-column fusion-gallery-column fusion-gallery-column-3 hover-type-none\"><div class=\"fusion-gallery-image\"><a href=\"https:\/\/gaabe-naturebienetre.fr\/wp-content\/uploads\/2020\/09\/Raisin_Perchoir-scaled.jpg\" rel=\"noreferrer\" data-rel=\"iLightbox[gallery_image_1]\" class=\"fusion-lightbox\" target=\"_self\"><img decoding=\"async\" src=\"https:\/\/gaabe-naturebienetre.fr\/wp-content\/uploads\/2020\/09\/Raisin_Perchoir-scaled.jpg\" width=\"2560\" height=\"1707\" alt=\"\" title=\"Raisin_Perchoir\" aria-label=\"Raisin_Perchoir\" class=\"img-responsive wp-image-154\" srcset=\"https:\/\/gaabe-naturebienetre.fr\/wp-content\/uploads\/2020\/09\/Raisin_Perchoir-200x133.jpg 200w, https:\/\/gaabe-naturebienetre.fr\/wp-content\/uploads\/2020\/09\/Raisin_Perchoir-400x267.jpg 400w, https:\/\/gaabe-naturebienetre.fr\/wp-content\/uploads\/2020\/09\/Raisin_Perchoir-600x400.jpg 600w, https:\/\/gaabe-naturebienetre.fr\/wp-content\/uploads\/2020\/09\/Raisin_Perchoir-800x533.jpg 800w, https:\/\/gaabe-naturebienetre.fr\/wp-content\/uploads\/2020\/09\/Raisin_Perchoir-1200x800.jpg 1200w, https:\/\/gaabe-naturebienetre.fr\/wp-content\/uploads\/2020\/09\/Raisin_Perchoir-scaled.jpg 2560w\" sizes=\"(min-width: 2200px) 100vw, (min-width: 784px) 397px, (min-width: 712px) 595px, (min-width: 640px) 712px, \" \/><\/a><\/div><\/div><div style=\"padding:5px;\" class=\"fusion-grid-column fusion-gallery-column fusion-gallery-column-3 hover-type-none\"><div class=\"fusion-gallery-image\"><a href=\"https:\/\/gaabe-naturebienetre.fr\/wp-content\/uploads\/2020\/09\/Papillon_-fleur-violette.jpg\" rel=\"noreferrer\" data-rel=\"iLightbox[gallery_image_1]\" class=\"fusion-lightbox\" target=\"_self\"><img decoding=\"async\" src=\"https:\/\/gaabe-naturebienetre.fr\/wp-content\/uploads\/2020\/09\/Papillon_-fleur-violette.jpg\" width=\"1024\" height=\"683\" alt=\"\" title=\"Papillon_ fleur violette\" aria-label=\"Papillon_ fleur violette\" class=\"img-responsive wp-image-152\" srcset=\"https:\/\/gaabe-naturebienetre.fr\/wp-content\/uploads\/2020\/09\/Papillon_-fleur-violette-200x133.jpg 200w, https:\/\/gaabe-naturebienetre.fr\/wp-content\/uploads\/2020\/09\/Papillon_-fleur-violette-400x267.jpg 400w, https:\/\/gaabe-naturebienetre.fr\/wp-content\/uploads\/2020\/09\/Papillon_-fleur-violette-600x400.jpg 600w, https:\/\/gaabe-naturebienetre.fr\/wp-content\/uploads\/2020\/09\/Papillon_-fleur-violette-800x534.jpg 800w, https:\/\/gaabe-naturebienetre.fr\/wp-content\/uploads\/2020\/09\/Papillon_-fleur-violette.jpg 1024w\" sizes=\"(min-width: 2200px) 100vw, (min-width: 784px) 397px, (min-width: 712px) 595px, (min-width: 640px) 712px, \" \/><\/a><\/div><\/div><div class=\"clearfix\"><\/div><div style=\"padding:5px;\" class=\"fusion-grid-column fusion-gallery-column fusion-gallery-column-3 hover-type-none\"><div class=\"fusion-gallery-image\"><a href=\"https:\/\/gaabe-naturebienetre.fr\/wp-content\/uploads\/2020\/09\/IMG-20200921-WA0009.jpg\" rel=\"noreferrer\" data-rel=\"iLightbox[gallery_image_1]\" class=\"fusion-lightbox\" target=\"_self\"><img decoding=\"async\" src=\"https:\/\/gaabe-naturebienetre.fr\/wp-content\/uploads\/2020\/09\/IMG-20200921-WA0009.jpg\" width=\"1599\" height=\"899\" alt=\"\" title=\"IMG-20200921-WA0009\" aria-label=\"IMG-20200921-WA0009\" class=\"img-responsive wp-image-142\" srcset=\"https:\/\/gaabe-naturebienetre.fr\/wp-content\/uploads\/2020\/09\/IMG-20200921-WA0009-200x112.jpg 200w, https:\/\/gaabe-naturebienetre.fr\/wp-content\/uploads\/2020\/09\/IMG-20200921-WA0009-400x225.jpg 400w, https:\/\/gaabe-naturebienetre.fr\/wp-content\/uploads\/2020\/09\/IMG-20200921-WA0009-600x337.jpg 600w, https:\/\/gaabe-naturebienetre.fr\/wp-content\/uploads\/2020\/09\/IMG-20200921-WA0009-800x450.jpg 800w, https:\/\/gaabe-naturebienetre.fr\/wp-content\/uploads\/2020\/09\/IMG-20200921-WA0009-1200x675.jpg 1200w, https:\/\/gaabe-naturebienetre.fr\/wp-content\/uploads\/2020\/09\/IMG-20200921-WA0009.jpg 1599w\" sizes=\"(min-width: 2200px) 100vw, (min-width: 784px) 397px, (min-width: 712px) 595px, (min-width: 640px) 712px, \" \/><\/a><\/div><\/div><\/div><\/div><\/div><\/div><\/div><\/div>\n","protected":false},"excerpt":{"rendered":"","protected":false},"author":1,"featured_media":0,"parent":0,"menu_order":0,"comment_status":"closed","ping_status":"closed","template":"","meta":{"content-type":""},"yoast_head":"<!-- This site is optimized with the Yoast SEO plugin v14.8 - https:\/\/yoast.com\/wordpress\/plugins\/seo\/ -->\n<title>Gaab\u00e9 - Nature et bien-\u00eatre - C\u00e9line BA - Gallerie photo - Souvenirs<\/title>\n<meta name=\"description\" content=\"Photo souvenir des services propos\u00e9s par Gaab\u00e9 : intervention entreprise, association, \u00e9cole et pour les particuliers\" \/>\n<meta name=\"robots\" content=\"index, follow\" \/>\n<meta name=\"googlebot\" content=\"index, follow, max-snippet:-1, max-image-preview:large, max-video-preview:-1\" \/>\n<meta name=\"bingbot\" content=\"index, follow, max-snippet:-1, max-image-preview:large, max-video-preview:-1\" \/>\n<link rel=\"canonical\" href=\"http:\/\/gaabe-naturebienetre.fr\/index.php\/galerie-photo\/\" \/>\n<meta property=\"og:locale\" content=\"fr_FR\" \/>\n<meta property=\"og:type\" content=\"article\" \/>\n<meta property=\"og:title\" content=\"Gaab\u00e9 - Nature et bien-\u00eatre - C\u00e9line BA - Gallerie photo - Souvenirs\" \/>\n<meta property=\"og:description\" content=\"Photo souvenir des services propos\u00e9s par Gaab\u00e9 : intervention entreprise, association, \u00e9cole et pour les particuliers\" \/>\n<meta property=\"og:url\" content=\"http:\/\/gaabe-naturebienetre.fr\/index.php\/galerie-photo\/\" \/>\n<meta property=\"og:site_name\" content=\"Gaabe\" \/>\n<meta property=\"article:modified_time\" content=\"2020-10-01T09:02:54+00:00\" \/>\n<meta name=\"twitter:card\" content=\"summary_large_image\" \/>\n<script type=\"application\/ld+json\" class=\"yoast-schema-graph\">{\"@context\":\"https:\/\/schema.org\",\"@graph\":[{\"@type\":\"WebSite\",\"@id\":\"https:\/\/gaabe-naturebienetre.fr\/#website\",\"url\":\"https:\/\/gaabe-naturebienetre.fr\/\",\"name\":\"Gaabe\",\"description\":\"Vivre en harmonie avec la nature, c&#039;est \\u00eatre \\u00e0 l&#039;\\u00e9coute de son corps et de son \\u00e2me\",\"potentialAction\":[{\"@type\":\"SearchAction\",\"target\":\"https:\/\/gaabe-naturebienetre.fr\/?s={search_term_string}\",\"query-input\":\"required name=search_term_string\"}],\"inLanguage\":\"fr-FR\"},{\"@type\":\"WebPage\",\"@id\":\"http:\/\/gaabe-naturebienetre.fr\/index.php\/galerie-photo\/#webpage\",\"url\":\"http:\/\/gaabe-naturebienetre.fr\/index.php\/galerie-photo\/\",\"name\":\"Gaab\\u00e9 - Nature et bien-\\u00eatre - C\\u00e9line BA - Gallerie photo - Souvenirs\",\"isPartOf\":{\"@id\":\"https:\/\/gaabe-naturebienetre.fr\/#website\"},\"datePublished\":\"2020-09-14T08:57:15+00:00\",\"dateModified\":\"2020-10-01T09:02:54+00:00\",\"description\":\"Photo souvenir des services propos\\u00e9s par Gaab\\u00e9 : intervention entreprise, association, \\u00e9cole et pour les particuliers\",\"inLanguage\":\"fr-FR\",\"potentialAction\":[{\"@type\":\"ReadAction\",\"target\":[\"http:\/\/gaabe-naturebienetre.fr\/index.php\/galerie-photo\/\"]}]}]}<\/script>\n<!-- \/ Yoast SEO plugin. -->","_links":{"self":[{"href":"https:\/\/gaabe-naturebienetre.fr\/index.php\/wp-json\/wp\/v2\/pages\/61"}],"collection":[{"href":"https:\/\/gaabe-naturebienetre.fr\/index.php\/wp-json\/wp\/v2\/pages"}],"about":[{"href":"https:\/\/gaabe-naturebienetre.fr\/index.php\/wp-json\/wp\/v2\/types\/page"}],"author":[{"embeddable":true,"href":"https:\/\/gaabe-naturebienetre.fr\/index.php\/wp-json\/wp\/v2\/users\/1"}],"replies":[{"embeddable":true,"href":"https:\/\/gaabe-naturebienetre.fr\/index.php\/wp-json\/wp\/v2\/comments?post=61"}],"version-history":[{"count":5,"href":"https:\/\/gaabe-naturebienetre.fr\/index.php\/wp-json\/wp\/v2\/pages\/61\/revisions"}],"predecessor-version":[{"id":254,"href":"https:\/\/gaabe-naturebienetre.fr\/index.php\/wp-json\/wp\/v2\/pages\/61\/revisions\/254"}],"wp:attachment":[{"href":"https:\/\/gaabe-naturebienetre.fr\/index.php\/wp-json\/wp\/v2\/media?parent=61"}],"curies":[{"name":"wp","href":"https:\/\/api.w.org\/{rel}","templated":true}]}}