{"id":624,"date":"2024-08-13T14:39:01","date_gmt":"2024-08-13T12:39:01","guid":{"rendered":"http:\/\/gaabe-naturebienetre.fr\/?page_id=624"},"modified":"2026-01-31T21:10:18","modified_gmt":"2026-01-31T20:10:18","slug":"interventions-en-milieu-professionnel","status":"publish","type":"page","link":"https:\/\/gaabe-naturebienetre.fr\/index.php\/interventions-en-milieu-professionnel\/","title":{"rendered":"Interventions en milieu professionnel"},"content":{"rendered":"<div class=\"fusion-fullwidth fullwidth-box fusion-builder-row-1 fusion-flex-container has-pattern-background has-mask-background nonhundred-percent-fullwidth non-hundred-percent-height-scrolling\" style=\"--awb-border-radius-top-left:0px;--awb-border-radius-top-right:0px;--awb-border-radius-bottom-right:0px;--awb-border-radius-bottom-left:0px;--awb-flex-wrap:wrap;\" ><div class=\"fusion-builder-row fusion-row fusion-flex-align-items-flex-start fusion-flex-content-wrap\" style=\"max-width:1248px;margin-left: calc(-4% \/ 2 );margin-right: calc(-4% \/ 2 );\"><div class=\"fusion-layout-column fusion_builder_column fusion-builder-column-0 fusion_builder_column_1_1 1_1 fusion-flex-column\" style=\"--awb-bg-size:cover;--awb-width-large:100%;--awb-margin-top-large:0px;--awb-spacing-right-large:1.92%;--awb-margin-bottom-large:20px;--awb-spacing-left-large:1.92%;--awb-width-medium:100%;--awb-order-medium:0;--awb-spacing-right-medium:1.92%;--awb-spacing-left-medium:1.92%;--awb-width-small:100%;--awb-order-small:0;--awb-spacing-right-small:1.92%;--awb-spacing-left-small:1.92%;\"><div class=\"fusion-column-wrapper fusion-column-has-shadow fusion-flex-justify-content-flex-start fusion-content-layout-column\"><div class=\"fusion-blog-shortcode fusion-blog-shortcode-1 fusion-blog-archive fusion-blog-layout-medium fusion-blog-pagination\"><div class=\"fusion-posts-container fusion-posts-container-pagination fusion-no-meta-info fusion-blog-rollover\" data-pages=\"1\"><article id=\"blog-1-post-657\" class=\"fusion-post-medium post-657 post type-post status-publish format-standard has-post-thumbnail hentry category-professionnel\">\n\t<style type=\"text\/css\">\n\t\t\n\t\t\n\t\t\n\t\t\n\t\t\t<\/style>\n\n\n\t\t\t<div class=\"fusion-flexslider flexslider fusion-flexslider-loading fusion-post-slideshow\" style=\"\">\n\t\t<ul class=\"slides\">\n\t\t\t\n\t\t\t\t\t\t\t\t\t\t\t\t\t\t<li><div  class=\"fusion-image-wrapper fusion-image-size-fixed\" aria-haspopup=\"true\">\n\t\t\t\t<img width=\"320\" height=\"202\" src=\"https:\/\/gaabe-naturebienetre.fr\/wp-content\/uploads\/2024\/09\/file_0000000091d071f4af5ec859c44bf5f2-1-320x202.png\" class=\"attachment-blog-medium size-blog-medium wp-post-image\" alt=\"\" decoding=\"async\" srcset=\"https:\/\/gaabe-naturebienetre.fr\/wp-content\/uploads\/2024\/09\/file_0000000091d071f4af5ec859c44bf5f2-1-320x202.png 320w, https:\/\/gaabe-naturebienetre.fr\/wp-content\/uploads\/2024\/09\/file_0000000091d071f4af5ec859c44bf5f2-1-700x441.png 700w\" sizes=\"(max-width: 320px) 100vw, 320px\" \/><div class=\"fusion-rollover\">\n\t<div class=\"fusion-rollover-content\">\n\n\t\t\t\t\t\t\t\t\t\t\t\t\t\t<a class=\"fusion-rollover-link\" href=\"https:\/\/gaabe-naturebienetre.fr\/index.php\/2024\/09\/03\/formations\/\">Formations<\/a>\n\t\t\t\n\t\t\t\t\t\t\t\t\t\t\t\t\t\t\n\t\t\t\t\t\t\t\t\n\t\t\t\t\t\t\t\t\t\t\t\t\t<div class=\"fusion-rollover-sep\"><\/div>\n\t\t\t\t\n\t\t\t\t\t\t\t\t\t\t\t\t\t\t\t\t\t\t<a class=\"fusion-rollover-gallery\" href=\"https:\/\/gaabe-naturebienetre.fr\/wp-content\/uploads\/2024\/09\/file_0000000091d071f4af5ec859c44bf5f2-1.png\" data-id=\"657\" data-rel=\"iLightbox[gallery]\" data-title=\"file_0000000091d071f4af5ec859c44bf5f2 (1)\" data-caption=\"\">\n\t\t\t\t\t\tGalerie\t\t\t\t\t<\/a>\n\t\t\t\t\t\t\t\t\t\t\t\t\t\t\n\t\t\n\t\t\t\t\t\t\t\t\t\t\t\t<h4 class=\"fusion-rollover-title\">\n\t\t\t\t\t<a class=\"fusion-rollover-title-link\" href=\"https:\/\/gaabe-naturebienetre.fr\/index.php\/2024\/09\/03\/formations\/\">\n\t\t\t\t\t\tFormations\t\t\t\t\t<\/a>\n\t\t\t\t<\/h4>\n\t\t\t\n\t\t\t\t\t\t\t\t\t\t<div class=\"fusion-rollover-categories\"><a href=\"https:\/\/gaabe-naturebienetre.fr\/index.php\/category\/professionnel\/\" rel=\"tag\">Professionnel<\/a><\/div>\t\t\t\t\t\n\t\t\n\t\t\t\t\t\t<a class=\"fusion-link-wrapper\" href=\"https:\/\/gaabe-naturebienetre.fr\/index.php\/2024\/09\/03\/formations\/\" aria-label=\"Formations\"><\/a>\n\t<\/div>\n<\/div>\n<\/div>\n<\/li>\n\t\t\t\n\t\t\t\n\t\t\t\t\t\t\t\t\t\t\t\t\t\t\t\t\t\t\t\t\t\t\t\t\t\t\t\t\t\t\t\t\t\t\t\t\t\t\t\t\t\t\t\t\t\t\t\t\t\t\t\t\t\t\t\t\t\t\t\t\t\t\t\t\t\t\t\t<\/ul>\n\t<\/div>\n\t<div class=\"fusion-post-content post-content\"><h2 class=\"blog-shortcode-post-title entry-title\"><a href=\"https:\/\/gaabe-naturebienetre.fr\/index.php\/2024\/09\/03\/formations\/\">Formations<\/a><\/h2><div class=\"fusion-post-content-container\"><p> J\u2019accompagne les structures et institutions dans la pr\u00e9vention du stress et de l\u2019\u00e9puisement \u00e9motionnel de leurs \u00e9quipes, \u00e0 travers des formations d\u00e9di\u00e9es \u00e0 la gestion des \u00e9motions en contexte professionnel exigeant. Ces formations s\u2019adressent en particulier aux personnels soumis \u00e0 une forte charge \u00e9motionnelle, \u00e0 des situations [...]<\/p><\/div><\/div><div class=\"fusion-clearfix\"><\/div><\/article>\n<article id=\"blog-1-post-654\" class=\"fusion-post-medium post-654 post type-post status-publish format-standard has-post-thumbnail hentry category-professionnel\">\n\t<style type=\"text\/css\">\n\t\t\n\t\t\n\t\t\n\t\t\n\t\t\t<\/style>\n\n\n\t\t\t<div class=\"fusion-flexslider flexslider fusion-flexslider-loading fusion-post-slideshow\" style=\"\">\n\t\t<ul class=\"slides\">\n\t\t\t\n\t\t\t\t\t\t\t\t\t\t\t\t\t\t<li><div  class=\"fusion-image-wrapper fusion-image-size-fixed\" aria-haspopup=\"true\">\n\t\t\t\t<img width=\"320\" height=\"202\" src=\"https:\/\/gaabe-naturebienetre.fr\/wp-content\/uploads\/2020\/09\/Le\u0301o-Mathe\u0301is-suspension-arboricole-320x202.jpg\" class=\"attachment-blog-medium size-blog-medium wp-post-image\" alt=\"\" decoding=\"async\" srcset=\"https:\/\/gaabe-naturebienetre.fr\/wp-content\/uploads\/2020\/09\/Le\u0301o-Mathe\u0301is-suspension-arboricole-320x202.jpg 320w, https:\/\/gaabe-naturebienetre.fr\/wp-content\/uploads\/2020\/09\/Le\u0301o-Mathe\u0301is-suspension-arboricole-700x441.jpg 700w\" sizes=\"(max-width: 320px) 100vw, 320px\" \/><div class=\"fusion-rollover\">\n\t<div class=\"fusion-rollover-content\">\n\n\t\t\t\t\t\t\t\t\t\t\t\t\t\t<a class=\"fusion-rollover-link\" href=\"https:\/\/gaabe-naturebienetre.fr\/index.php\/2024\/09\/03\/interventions-en-ecoles\/\">Education nature et bien-\u00eatre \u00e0 l&rsquo;\u00e9cole et en cr\u00eache<\/a>\n\t\t\t\n\t\t\t\t\t\t\t\t\t\t\t\t\t\t\n\t\t\t\t\t\t\t\t\n\t\t\t\t\t\t\t\t\t\t\t\t\t<div class=\"fusion-rollover-sep\"><\/div>\n\t\t\t\t\n\t\t\t\t\t\t\t\t\t\t\t\t\t\t\t\t\t\t<a class=\"fusion-rollover-gallery\" href=\"https:\/\/gaabe-naturebienetre.fr\/wp-content\/uploads\/2020\/09\/Le\u0301o-Mathe\u0301is-suspension-arboricole-scaled.jpg\" data-id=\"654\" data-rel=\"iLightbox[gallery]\" data-title=\"Le\u0301o-Mathe\u0301is-suspension arboricole\" data-caption=\"\">\n\t\t\t\t\t\tGalerie\t\t\t\t\t<\/a>\n\t\t\t\t\t\t\t\t\t\t\t\t\t\t\n\t\t\n\t\t\t\t\t\t\t\t\t\t\t\t<h4 class=\"fusion-rollover-title\">\n\t\t\t\t\t<a class=\"fusion-rollover-title-link\" href=\"https:\/\/gaabe-naturebienetre.fr\/index.php\/2024\/09\/03\/interventions-en-ecoles\/\">\n\t\t\t\t\t\tEducation nature et bien-\u00eatre \u00e0 l&rsquo;\u00e9cole et en cr\u00eache\t\t\t\t\t<\/a>\n\t\t\t\t<\/h4>\n\t\t\t\n\t\t\t\t\t\t\t\t\t\t<div class=\"fusion-rollover-categories\"><a href=\"https:\/\/gaabe-naturebienetre.fr\/index.php\/category\/professionnel\/\" rel=\"tag\">Professionnel<\/a><\/div>\t\t\t\t\t\n\t\t\n\t\t\t\t\t\t<a class=\"fusion-link-wrapper\" href=\"https:\/\/gaabe-naturebienetre.fr\/index.php\/2024\/09\/03\/interventions-en-ecoles\/\" aria-label=\"Education nature et bien-\u00eatre \u00e0 l&rsquo;\u00e9cole et en cr\u00eache\"><\/a>\n\t<\/div>\n<\/div>\n<\/div>\n<\/li>\n\t\t\t\n\t\t\t\n\t\t\t\t\t\t\t\t\t\t\t\t\t\t\t\t\t\t\t\t\t\t\t\t\t\t\t\t\t\t\t\t\t\t\t\t\t\t\t\t\t\t\t\t\t\t\t\t\t\t\t\t\t\t\t\t\t\t\t\t\t\t\t\t\t\t\t\t<\/ul>\n\t<\/div>\n\t<div class=\"fusion-post-content post-content\"><h2 class=\"blog-shortcode-post-title entry-title\"><a href=\"https:\/\/gaabe-naturebienetre.fr\/index.php\/2024\/09\/03\/interventions-en-ecoles\/\">Education nature et bien-\u00eatre \u00e0 l&rsquo;\u00e9cole et en cr\u00eache<\/a><\/h2><div class=\"fusion-post-content-container\"><p>  Offrir aux enfants un temps r\u00e9gulier en lien avec la nature, c\u2019est leur permettre de grandir autrement, dans un environnement riche de stimulations, d\u2019exploration et d\u2019apaisement. Je propose des animations et interventions nature adapt\u00e9es aux cr\u00e8ches, \u00e9coles maternelles et \u00e9l\u00e9mentaires, con\u00e7ues comme de v\u00e9ritables temps d\u2019apprentissage [...]<\/p><\/div><\/div><div class=\"fusion-clearfix\"><\/div><\/article>\n<article id=\"blog-1-post-650\" class=\"fusion-post-medium post-650 post type-post status-publish format-standard has-post-thumbnail hentry category-professionnel\">\n\t<style type=\"text\/css\">\n\t\t\n\t\t\n\t\t\n\t\t\n\t\t\t<\/style>\n\n\n\t\t\t<div class=\"fusion-flexslider flexslider fusion-flexslider-loading fusion-post-slideshow\" style=\"\">\n\t\t<ul class=\"slides\">\n\t\t\t\n\t\t\t\t\t\t\t\t\t\t\t\t\t\t<li><div  class=\"fusion-image-wrapper fusion-image-size-fixed\" aria-haspopup=\"true\">\n\t\t\t\t<img width=\"320\" height=\"202\" src=\"https:\/\/gaabe-naturebienetre.fr\/wp-content\/uploads\/2020\/09\/Mediation-adultes-320x202.jpg\" class=\"attachment-blog-medium size-blog-medium wp-post-image\" alt=\"\" decoding=\"async\" srcset=\"https:\/\/gaabe-naturebienetre.fr\/wp-content\/uploads\/2020\/09\/Mediation-adultes-320x202.jpg 320w, https:\/\/gaabe-naturebienetre.fr\/wp-content\/uploads\/2020\/09\/Mediation-adultes-700x441.jpg 700w\" sizes=\"(max-width: 320px) 100vw, 320px\" \/><div class=\"fusion-rollover\">\n\t<div class=\"fusion-rollover-content\">\n\n\t\t\t\t\t\t\t\t\t\t\t\t\t\t<a class=\"fusion-rollover-link\" href=\"https:\/\/gaabe-naturebienetre.fr\/index.php\/2024\/09\/03\/intervention-en-entreprise\/\">Intervention et animation en entreprise et en association<\/a>\n\t\t\t\n\t\t\t\t\t\t\t\t\t\t\t\t\t\t\n\t\t\t\t\t\t\t\t\n\t\t\t\t\t\t\t\t\t\t\t\t\t<div class=\"fusion-rollover-sep\"><\/div>\n\t\t\t\t\n\t\t\t\t\t\t\t\t\t\t\t\t\t\t\t\t\t\t<a class=\"fusion-rollover-gallery\" href=\"https:\/\/gaabe-naturebienetre.fr\/wp-content\/uploads\/2020\/09\/Mediation-adultes.jpg\" data-id=\"650\" data-rel=\"iLightbox[gallery]\" data-title=\"M\u00e9diation adultes\" data-caption=\"\">\n\t\t\t\t\t\tGalerie\t\t\t\t\t<\/a>\n\t\t\t\t\t\t\t\t\t\t\t\t\t\t\n\t\t\n\t\t\t\t\t\t\t\t\t\t\t\t<h4 class=\"fusion-rollover-title\">\n\t\t\t\t\t<a class=\"fusion-rollover-title-link\" href=\"https:\/\/gaabe-naturebienetre.fr\/index.php\/2024\/09\/03\/intervention-en-entreprise\/\">\n\t\t\t\t\t\tIntervention et animation en entreprise et en association\t\t\t\t\t<\/a>\n\t\t\t\t<\/h4>\n\t\t\t\n\t\t\t\t\t\t\t\t\t\t<div class=\"fusion-rollover-categories\"><a href=\"https:\/\/gaabe-naturebienetre.fr\/index.php\/category\/professionnel\/\" rel=\"tag\">Professionnel<\/a><\/div>\t\t\t\t\t\n\t\t\n\t\t\t\t\t\t<a class=\"fusion-link-wrapper\" href=\"https:\/\/gaabe-naturebienetre.fr\/index.php\/2024\/09\/03\/intervention-en-entreprise\/\" aria-label=\"Intervention et animation en entreprise et en association\"><\/a>\n\t<\/div>\n<\/div>\n<\/div>\n<\/li>\n\t\t\t\n\t\t\t\n\t\t\t\t\t\t\t\t\t\t\t\t\t\t\t\t\t\t\t\t\t\t\t\t\t\t\t\t\t\t\t\t\t\t\t\t\t\t\t\t\t\t\t\t\t\t\t\t\t\t\t\t\t\t\t\t\t\t\t\t\t\t\t\t\t\t\t\t<\/ul>\n\t<\/div>\n\t<div class=\"fusion-post-content post-content\"><h2 class=\"blog-shortcode-post-title entry-title\"><a href=\"https:\/\/gaabe-naturebienetre.fr\/index.php\/2024\/09\/03\/intervention-en-entreprise\/\">Intervention et animation en entreprise et en association<\/a><\/h2><div class=\"fusion-post-content-container\"><p> Bien-\u00eatre, nature et qualit\u00e9 de vie au travail Et si vous faisiez entrer le bien-\u00eatre et la nature au c\u0153ur de votre entreprise ? J\u2019accompagne les entreprises dans la mise en place d\u2019actions concr\u00e8tes favorisant la qualit\u00e9 de vie au travail, la pr\u00e9vention du stress et l\u2019engagement [...]<\/p><\/div><\/div><div class=\"fusion-clearfix\"><\/div><\/article>\n<\/div><\/div><\/div><\/div><\/div><\/div>\n","protected":false},"excerpt":{"rendered":"","protected":false},"author":1,"featured_media":0,"parent":0,"menu_order":0,"comment_status":"closed","ping_status":"closed","template":"","meta":{"content-type":""},"yoast_head":"<!-- This site is optimized with the Yoast SEO plugin v14.8 - https:\/\/yoast.com\/wordpress\/plugins\/seo\/ -->\n<title>Interventions en milieu professionnel - Gaabe<\/title>\n<meta name=\"robots\" content=\"index, follow\" \/>\n<meta name=\"googlebot\" content=\"index, follow, max-snippet:-1, max-image-preview:large, max-video-preview:-1\" \/>\n<meta name=\"bingbot\" content=\"index, follow, max-snippet:-1, max-image-preview:large, max-video-preview:-1\" \/>\n<link rel=\"canonical\" href=\"https:\/\/gaabe-naturebienetre.fr\/index.php\/interventions-en-milieu-professionnel\/\" \/>\n<meta property=\"og:locale\" content=\"fr_FR\" \/>\n<meta property=\"og:type\" content=\"article\" \/>\n<meta property=\"og:title\" content=\"Interventions en milieu professionnel - Gaabe\" \/>\n<meta property=\"og:url\" content=\"https:\/\/gaabe-naturebienetre.fr\/index.php\/interventions-en-milieu-professionnel\/\" \/>\n<meta property=\"og:site_name\" content=\"Gaabe\" \/>\n<meta property=\"article:modified_time\" content=\"2026-01-31T20:10:18+00:00\" \/>\n<meta name=\"twitter:card\" content=\"summary_large_image\" \/>\n<script type=\"application\/ld+json\" class=\"yoast-schema-graph\">{\"@context\":\"https:\/\/schema.org\",\"@graph\":[{\"@type\":\"WebSite\",\"@id\":\"https:\/\/gaabe-naturebienetre.fr\/#website\",\"url\":\"https:\/\/gaabe-naturebienetre.fr\/\",\"name\":\"Gaabe\",\"description\":\"Vivre en harmonie avec la nature, c&#039;est \\u00eatre \\u00e0 l&#039;\\u00e9coute de son corps et de son \\u00e2me\",\"potentialAction\":[{\"@type\":\"SearchAction\",\"target\":\"https:\/\/gaabe-naturebienetre.fr\/?s={search_term_string}\",\"query-input\":\"required name=search_term_string\"}],\"inLanguage\":\"fr-FR\"},{\"@type\":\"WebPage\",\"@id\":\"https:\/\/gaabe-naturebienetre.fr\/index.php\/interventions-en-milieu-professionnel\/#webpage\",\"url\":\"https:\/\/gaabe-naturebienetre.fr\/index.php\/interventions-en-milieu-professionnel\/\",\"name\":\"Interventions en milieu professionnel - Gaabe\",\"isPartOf\":{\"@id\":\"https:\/\/gaabe-naturebienetre.fr\/#website\"},\"datePublished\":\"2024-08-13T12:39:01+00:00\",\"dateModified\":\"2026-01-31T20:10:18+00:00\",\"inLanguage\":\"fr-FR\",\"potentialAction\":[{\"@type\":\"ReadAction\",\"target\":[\"https:\/\/gaabe-naturebienetre.fr\/index.php\/interventions-en-milieu-professionnel\/\"]}]}]}<\/script>\n<!-- \/ Yoast SEO plugin. -->","_links":{"self":[{"href":"https:\/\/gaabe-naturebienetre.fr\/index.php\/wp-json\/wp\/v2\/pages\/624"}],"collection":[{"href":"https:\/\/gaabe-naturebienetre.fr\/index.php\/wp-json\/wp\/v2\/pages"}],"about":[{"href":"https:\/\/gaabe-naturebienetre.fr\/index.php\/wp-json\/wp\/v2\/types\/page"}],"author":[{"embeddable":true,"href":"https:\/\/gaabe-naturebienetre.fr\/index.php\/wp-json\/wp\/v2\/users\/1"}],"replies":[{"embeddable":true,"href":"https:\/\/gaabe-naturebienetre.fr\/index.php\/wp-json\/wp\/v2\/comments?post=624"}],"version-history":[{"count":4,"href":"https:\/\/gaabe-naturebienetre.fr\/index.php\/wp-json\/wp\/v2\/pages\/624\/revisions"}],"predecessor-version":[{"id":829,"href":"https:\/\/gaabe-naturebienetre.fr\/index.php\/wp-json\/wp\/v2\/pages\/624\/revisions\/829"}],"wp:attachment":[{"href":"https:\/\/gaabe-naturebienetre.fr\/index.php\/wp-json\/wp\/v2\/media?parent=624"}],"curies":[{"name":"wp","href":"https:\/\/api.w.org\/{rel}","templated":true}]}}